{"id":11,"date":"2023-10-02T09:36:01","date_gmt":"2023-10-02T07:36:01","guid":{"rendered":"https:\/\/institutnamaste.fr\/?page_id=11"},"modified":"2025-04-28T17:56:21","modified_gmt":"2025-04-28T15:56:21","slug":"massages-abhyanga-soins-enegetiques-reiki-magnetisme-sur-ajaccio-2","status":"publish","type":"page","link":"https:\/\/institutnamaste.fr\/index.php\/massages-abhyanga-soins-enegetiques-reiki-magnetisme-sur-ajaccio-2\/","title":{"rendered":"A PROPOS"},"content":{"rendered":"\t\t<div data-elementor-type=\"wp-page\" data-elementor-id=\"11\" class=\"elementor elementor-11\">\n\t\t\t\t<div class=\"elementor-element elementor-element-3495c6b e-con-full e-flex e-con e-parent\" data-id=\"3495c6b\" data-element_type=\"container\" data-e-type=\"container\">\n\t\t\t\t<div class=\"elementor-element elementor-element-3f220eb elementor-widget elementor-widget-image\" data-id=\"3f220eb\" data-element_type=\"widget\" data-e-type=\"widget\" data-widget_type=\"image.default\">\n\t\t\t\t<div class=\"elementor-widget-container\">\n\t\t\t\t\t\t\t\t\t\t\t\t\t\t\t<img fetchpriority=\"high\" decoding=\"async\" width=\"1920\" height=\"448\" src=\"https:\/\/institutnamaste.fr\/wp-content\/uploads\/2023\/10\/Capture-decran-2023-10-04-134842.png\" class=\"attachment-full size-full wp-image-224\" alt=\"\" srcset=\"https:\/\/institutnamaste.fr\/wp-content\/uploads\/2023\/10\/Capture-decran-2023-10-04-134842.png 1920w, https:\/\/institutnamaste.fr\/wp-content\/uploads\/2023\/10\/Capture-decran-2023-10-04-134842-300x70.png 300w, https:\/\/institutnamaste.fr\/wp-content\/uploads\/2023\/10\/Capture-decran-2023-10-04-134842-1024x239.png 1024w, https:\/\/institutnamaste.fr\/wp-content\/uploads\/2023\/10\/Capture-decran-2023-10-04-134842-768x179.png 768w, https:\/\/institutnamaste.fr\/wp-content\/uploads\/2023\/10\/Capture-decran-2023-10-04-134842-1536x358.png 1536w\" sizes=\"(max-width: 1920px) 100vw, 1920px\" \/>\t\t\t\t\t\t\t\t\t\t\t\t\t\t\t<\/div>\n\t\t\t\t<\/div>\n\t\t\t\t<\/div>\n\t\t<div class=\"elementor-element elementor-element-c3496f4 e-flex e-con-boxed e-con e-parent\" data-id=\"c3496f4\" data-element_type=\"container\" data-e-type=\"container\">\n\t\t\t\t\t<div class=\"e-con-inner\">\n\t\t<div class=\"elementor-element elementor-element-eabe93f e-con-full e-flex e-con e-child\" data-id=\"eabe93f\" data-element_type=\"container\" data-e-type=\"container\">\n\t\t\t\t<\/div>\n\t\t<div class=\"elementor-element elementor-element-8cd1a47 e-con-full e-flex e-con e-child\" data-id=\"8cd1a47\" data-element_type=\"container\" data-e-type=\"container\">\n\t\t\t\t<\/div>\n\t\t\t\t\t<\/div>\n\t\t\t\t<\/div>\n\t\t<div class=\"elementor-element elementor-element-b06b7d9 e-flex e-con-boxed e-con e-parent\" data-id=\"b06b7d9\" data-element_type=\"container\" data-e-type=\"container\">\n\t\t\t\t\t<div class=\"e-con-inner\">\n\t\t<div class=\"elementor-element elementor-element-a1bba93 e-con-full e-flex e-con e-child\" data-id=\"a1bba93\" data-element_type=\"container\" data-e-type=\"container\">\n\t\t\t\t<div class=\"elementor-element elementor-element-76446fe elementor-invisible elementor-widget elementor-widget-image\" data-id=\"76446fe\" data-element_type=\"widget\" data-e-type=\"widget\" data-settings=\"{&quot;_animation&quot;:&quot;fadeInLeft&quot;}\" data-widget_type=\"image.default\">\n\t\t\t\t<div class=\"elementor-widget-container\">\n\t\t\t\t\t\t\t\t\t\t\t\t\t\t\t<img decoding=\"async\" width=\"2048\" height=\"1366\" src=\"https:\/\/institutnamaste.fr\/wp-content\/uploads\/2023\/10\/pexels-anna-tarazevich-6560290-2048x1366.jpg\" class=\"attachment-2048x2048 size-2048x2048 wp-image-266\" alt=\"\" srcset=\"https:\/\/institutnamaste.fr\/wp-content\/uploads\/2023\/10\/pexels-anna-tarazevich-6560290-2048x1366.jpg 2048w, https:\/\/institutnamaste.fr\/wp-content\/uploads\/2023\/10\/pexels-anna-tarazevich-6560290-300x200.jpg 300w, https:\/\/institutnamaste.fr\/wp-content\/uploads\/2023\/10\/pexels-anna-tarazevich-6560290-1024x683.jpg 1024w, https:\/\/institutnamaste.fr\/wp-content\/uploads\/2023\/10\/pexels-anna-tarazevich-6560290-768x512.jpg 768w, https:\/\/institutnamaste.fr\/wp-content\/uploads\/2023\/10\/pexels-anna-tarazevich-6560290-1536x1024.jpg 1536w\" sizes=\"(max-width: 2048px) 100vw, 2048px\" \/>\t\t\t\t\t\t\t\t\t\t\t\t\t\t\t<\/div>\n\t\t\t\t<\/div>\n\t\t\t\t<\/div>\n\t\t<div class=\"elementor-element elementor-element-ba90ce6 e-con-full e-flex e-con e-child\" data-id=\"ba90ce6\" data-element_type=\"container\" data-e-type=\"container\" data-settings=\"{&quot;background_background&quot;:&quot;gradient&quot;}\">\n\t\t\t\t<div class=\"elementor-element elementor-element-5853af7 elementor-widget elementor-widget-text-editor\" data-id=\"5853af7\" data-element_type=\"widget\" data-e-type=\"widget\" data-widget_type=\"text-editor.default\">\n\t\t\t\t<div class=\"elementor-widget-container\">\n\t\t\t\t\t\t\t\t\t<div><span class=\"wnd-font-size-130\">Le <a href=\"https:\/\/institutnamaste.fr\/\">massage Abhyanga<\/a><\/span> est issu de la tradition du Nord de l&rsquo;<a href=\"https:\/\/fr.wikipedia.org\/wiki\/Inde\">Inde<\/a>.<\/div><div>\u00a0<\/div><div>Il utilise les propri\u00e9t\u00e9s des huiles chaudes qui cr\u00e9ent une v\u00e9ritable enveloppe et nourrit votre peau.<\/div><div>\u00a0<\/div><div>Il agit sur l\u2019\u00e9nergie vitale, permet la relaxation et la revitalisation de tout le corps, et lutte contre la fatigue.<\/div><div>\u00a0<\/div><div>Il favorise la d\u00e9tente, la circulation sanguine et lymphatique, d\u00e9tend les articulations et travaille sur le tonus musculaire.<\/div>\t\t\t\t\t\t\t\t<\/div>\n\t\t\t\t<\/div>\n\t\t\t\t<div class=\"elementor-element elementor-element-d4e167b elementor-widget elementor-widget-heading\" data-id=\"d4e167b\" data-element_type=\"widget\" data-e-type=\"widget\" data-widget_type=\"heading.default\">\n\t\t\t\t<div class=\"elementor-widget-container\">\n\t\t\t\t\t<h2 class=\"elementor-heading-title elementor-size-default\">La m\u00e9lodie du massage apaise corps et esprit emportant l'\u00eatre vers les sph\u00e8res de la pl\u00e9nitude.\n<\/h2>\t\t\t\t<\/div>\n\t\t\t\t<\/div>\n\t\t\t\t<div class=\"elementor-element elementor-element-9f5d67e elementor-widget elementor-widget-heading\" data-id=\"9f5d67e\" data-element_type=\"widget\" data-e-type=\"widget\" data-widget_type=\"heading.default\">\n\t\t\t\t<div class=\"elementor-widget-container\">\n\t\t\t\t\t<h2 class=\"elementor-heading-title elementor-size-default\">D.Ducher<\/h2>\t\t\t\t<\/div>\n\t\t\t\t<\/div>\n\t\t\t\t<\/div>\n\t\t\t\t\t<\/div>\n\t\t\t\t<\/div>\n\t\t<div class=\"elementor-element elementor-element-f425861 e-flex e-con-boxed e-con e-parent\" data-id=\"f425861\" data-element_type=\"container\" data-e-type=\"container\">\n\t\t\t\t\t<div class=\"e-con-inner\">\n\t\t<div class=\"elementor-element elementor-element-d658349 e-con-full e-flex e-con e-child\" data-id=\"d658349\" data-element_type=\"container\" data-e-type=\"container\">\n\t\t\t\t<\/div>\n\t\t<div class=\"elementor-element elementor-element-10115d4 e-con-full e-flex e-con e-child\" data-id=\"10115d4\" data-element_type=\"container\" data-e-type=\"container\">\n\t\t\t\t<\/div>\n\t\t\t\t\t<\/div>\n\t\t\t\t<\/div>\n\t\t<div class=\"elementor-element elementor-element-506348a e-flex e-con-boxed e-con e-parent\" data-id=\"506348a\" data-element_type=\"container\" data-e-type=\"container\">\n\t\t\t\t\t<div class=\"e-con-inner\">\n\t\t<div class=\"elementor-element elementor-element-974c2af e-con-full e-flex e-con e-child\" data-id=\"974c2af\" data-element_type=\"container\" data-e-type=\"container\">\n\t\t\t\t<div class=\"elementor-element elementor-element-0991053 elementor-invisible elementor-widget elementor-widget-image\" data-id=\"0991053\" data-element_type=\"widget\" data-e-type=\"widget\" data-settings=\"{&quot;_animation&quot;:&quot;fadeInRight&quot;}\" data-widget_type=\"image.default\">\n\t\t\t\t<div class=\"elementor-widget-container\">\n\t\t\t\t\t\t\t\t\t\t\t\t\t\t\t<img decoding=\"async\" width=\"558\" height=\"504\" src=\"https:\/\/institutnamaste.fr\/wp-content\/uploads\/2025\/04\/22861779_102418287195778_2011603615908275686_o_102418287195778-1.jpg\" class=\"attachment-large size-large wp-image-1105\" alt=\"\" srcset=\"https:\/\/institutnamaste.fr\/wp-content\/uploads\/2025\/04\/22861779_102418287195778_2011603615908275686_o_102418287195778-1.jpg 558w, https:\/\/institutnamaste.fr\/wp-content\/uploads\/2025\/04\/22861779_102418287195778_2011603615908275686_o_102418287195778-1-300x271.jpg 300w\" sizes=\"(max-width: 558px) 100vw, 558px\" \/>\t\t\t\t\t\t\t\t\t\t\t\t\t\t\t<\/div>\n\t\t\t\t<\/div>\n\t\t\t\t<\/div>\n\t\t<div class=\"elementor-element elementor-element-e0f70d4 e-con-full e-flex e-con e-child\" data-id=\"e0f70d4\" data-element_type=\"container\" data-e-type=\"container\" data-settings=\"{&quot;background_background&quot;:&quot;gradient&quot;}\">\n\t\t\t\t<div class=\"elementor-element elementor-element-aa2f86f elementor-widget elementor-widget-text-editor\" data-id=\"aa2f86f\" data-element_type=\"widget\" data-e-type=\"widget\" data-widget_type=\"text-editor.default\">\n\t\t\t\t<div class=\"elementor-widget-container\">\n\t\t\t\t\t\t\t\t\t<p><span class=\"wnd-font-size-150\">Le <a href=\"https:\/\/institutnamaste.fr\/\">magn\u00e9tisme<\/a><\/span> appartient aux th\u00e9rapies \u00e9nerg\u00e9tiques, connu et utilis\u00e9 depuis l\u2019antiquit\u00e9, il est l&rsquo;une des plus anciennes m\u00e9thodes de soins \u00e9nerg\u00e9tiques.\u00a0<\/p><p>Il transmet l\u2019\u00e9nergie destin\u00e9e \u00e0 r\u00e9tablir l&rsquo;harmonie, r\u00e9\u00e9quilibre le corps, l\u2019\u00e2me et l&rsquo;esprit.<\/p><p>Il permet de redonner de l\u2019\u00e9nergie, de r\u00e9\u00e9quilibrer le syst\u00e8me nerveux et de pacifier le mental.<\/p><p>Le praticien transmet l\u2019\u00e9nergie par le biais d&rsquo;imposition des mains et de passes magn\u00e9tiques, en rel\u00e2chant le stress.<\/p><p>Si la personne ne ressent rien c&rsquo;est qu&rsquo;elle fait barrage avec son mental.<\/p><p>Il faut parfois du temps pour l\u00e2cher prise.<\/p><p>Les s\u00e9ances se d\u00e9roulent g\u00e9n\u00e9ralement allong\u00e9 et habill\u00e9.<\/p><p>Les soins \u00e9nerg\u00e9tiques s&rsquo;adressent \u00e0 tout le monde, enfants, adolescents, adultes, femmes enceintes, seniors etc&#8230; \u00a0\u00a0\u00a0\u00a0\u00a0\u00a0\u00a0\u00a0\u00a0\u00a0\u00a0\u00a0\u00a0\u00a0\u00a0\u00a0\u00a0\u00a0\u00a0\u00a0\u00a0\u00a0\u00a0\u00a0\u00a0\u00a0\u00a0\u00a0\u00a0\u00a0\u00a0\u00a0\u00a0\u00a0\u00a0\u00a0\u00a0\u00a0\u00a0\u00a0\u00a0\u00a0\u00a0\u00a0\u00a0\u00a0\u00a0\u00a0\u00a0\u00a0\u00a0\u00a0\u00a0\u00a0\u00a0\u00a0\u00a0\u00a0\u00a0\u00a0\u00a0\u00a0\u00a0\u00a0\u00a0\u00a0\u00a0\u00a0\u00a0\u00a0\u00a0\u00a0\u00a0 \u00a0 \u00a0 \u00a0 \u00a0 \u00a0 \u00a0 \u00a0 \u00a0 \u00a0 \u00a0 \u00a0 \u00a0 \u00a0\u00a0<\/p>\t\t\t\t\t\t\t\t<\/div>\n\t\t\t\t<\/div>\n\t\t\t\t<\/div>\n\t\t\t\t\t<\/div>\n\t\t\t\t<\/div>\n\t\t<div class=\"elementor-element elementor-element-f037f34 e-flex e-con-boxed e-con e-parent\" data-id=\"f037f34\" data-element_type=\"container\" data-e-type=\"container\">\n\t\t\t\t\t<div class=\"e-con-inner\">\n\t\t<div class=\"elementor-element elementor-element-3b57049 e-con-full e-flex e-con e-child\" data-id=\"3b57049\" data-element_type=\"container\" data-e-type=\"container\">\n\t\t\t\t<\/div>\n\t\t<div class=\"elementor-element elementor-element-2fc7c1c e-con-full e-flex e-con e-child\" data-id=\"2fc7c1c\" data-element_type=\"container\" data-e-type=\"container\">\n\t\t\t\t<\/div>\n\t\t\t\t\t<\/div>\n\t\t\t\t<\/div>\n\t\t<div class=\"elementor-element elementor-element-af21721 e-flex e-con-boxed e-con e-parent\" data-id=\"af21721\" data-element_type=\"container\" data-e-type=\"container\">\n\t\t\t\t\t<div class=\"e-con-inner\">\n\t\t<div class=\"elementor-element elementor-element-e320257 e-con-full e-flex e-con e-child\" data-id=\"e320257\" data-element_type=\"container\" data-e-type=\"container\">\n\t\t\t\t<div class=\"elementor-element elementor-element-821f9aa elementor-invisible elementor-widget elementor-widget-image\" data-id=\"821f9aa\" data-element_type=\"widget\" data-e-type=\"widget\" data-settings=\"{&quot;_animation&quot;:&quot;fadeInLeft&quot;}\" data-widget_type=\"image.default\">\n\t\t\t\t<div class=\"elementor-widget-container\">\n\t\t\t\t\t\t\t\t\t\t\t\t\t\t\t<img loading=\"lazy\" decoding=\"async\" width=\"1280\" height=\"853\" src=\"https:\/\/institutnamaste.fr\/wp-content\/uploads\/2025\/04\/wellness-285590_1280.jpg\" class=\"attachment-full size-full wp-image-1081\" alt=\"\" srcset=\"https:\/\/institutnamaste.fr\/wp-content\/uploads\/2025\/04\/wellness-285590_1280.jpg 1280w, https:\/\/institutnamaste.fr\/wp-content\/uploads\/2025\/04\/wellness-285590_1280-300x200.jpg 300w, https:\/\/institutnamaste.fr\/wp-content\/uploads\/2025\/04\/wellness-285590_1280-1024x682.jpg 1024w, https:\/\/institutnamaste.fr\/wp-content\/uploads\/2025\/04\/wellness-285590_1280-768x512.jpg 768w\" sizes=\"(max-width: 1280px) 100vw, 1280px\" \/>\t\t\t\t\t\t\t\t\t\t\t\t\t\t\t<\/div>\n\t\t\t\t<\/div>\n\t\t\t\t<\/div>\n\t\t<div class=\"elementor-element elementor-element-68c0a0b e-con-full e-flex e-con e-child\" data-id=\"68c0a0b\" data-element_type=\"container\" data-e-type=\"container\" data-settings=\"{&quot;background_background&quot;:&quot;gradient&quot;}\">\n\t\t\t\t<div class=\"elementor-element elementor-element-9c23e37 elementor-widget elementor-widget-text-editor\" data-id=\"9c23e37\" data-element_type=\"widget\" data-e-type=\"widget\" data-widget_type=\"text-editor.default\">\n\t\t\t\t<div class=\"elementor-widget-container\">\n\t\t\t\t\t\t\t\t\t<p><span class=\"wnd-font-size-140\">Le <a href=\"https:\/\/institutnamaste.fr\/\">Reiki<\/a><\/span> est une pratique ancestrale japonaise d&rsquo;imposition des mains.<\/p><p>C&rsquo;est une m\u00e9thode qui consiste en un \u00e9change d\u2019\u00e9nergie entre le receveur et le donneur, laissant l\u2019\u00e9nergie circuler afin d\u2019apaiser le corps et l&rsquo;esprit.<\/p><p>Il procure un sentiment de bien-\u00eatre et d&rsquo;harmonie.<\/p><p>Il favorise la relaxation et soutient le potentiel de gu\u00e9rison, ce qui permet de retrouver un sommeil r\u00e9parateur, une meilleure circulation sanguine ainsi que de mieux g\u00e9rer les douleurs physiques et le stress.<\/p><p>Sachant que le Reiki se dirige naturellement \u00e0 l&rsquo;endroit ou l\u2019\u00e9nergie est bloqu\u00e9e, le probl\u00e8me r\u00e9solu ne sera pas n\u00e9cessairement celui qui a conduit la personne en s\u00e9ance.<\/p><p>Les s\u00e9ances se d\u00e9roulent par imposition des mains avec des positions pr\u00e9cises sur le corps de la personne v\u00eatue et allong\u00e9e.<\/p><p>Le Reiki s&rsquo;adressent \u00e0 tout le monde, enfants, adolescents, adultes, femmes enceintes, seniors etc&#8230; \u00a0\u00a0\u00a0\u00a0\u00a0\u00a0\u00a0\u00a0\u00a0\u00a0\u00a0\u00a0\u00a0\u00a0\u00a0\u00a0\u00a0\u00a0\u00a0<\/p>\t\t\t\t\t\t\t\t<\/div>\n\t\t\t\t<\/div>\n\t\t\t\t<\/div>\n\t\t\t\t\t<\/div>\n\t\t\t\t<\/div>\n\t\t<div class=\"elementor-element elementor-element-451416a e-flex e-con-boxed e-con e-parent\" data-id=\"451416a\" data-element_type=\"container\" data-e-type=\"container\">\n\t\t\t\t\t<div class=\"e-con-inner\">\n\t\t\t\t<div class=\"elementor-element elementor-element-8feff79 elementor-widget elementor-widget-heading\" data-id=\"8feff79\" data-element_type=\"widget\" data-e-type=\"widget\" data-widget_type=\"heading.default\">\n\t\t\t\t<div class=\"elementor-widget-container\">\n\t\t\t\t\t<h2 class=\"elementor-heading-title elementor-size-default\">\n   Les maux du corps sont des mots de l'\u00e2me ainsi on ne doit pas gu\u00e9rir le corps sans chercher \u00e0 gu\u00e9rir l'\u00e2me. Platon<\/h2>\n<br><\/h2>\t\t\t\t<\/div>\n\t\t\t\t<\/div>\n\t\t\t\t\t<\/div>\n\t\t\t\t<\/div>\n\t\t<div class=\"elementor-element elementor-element-b5dfbdf e-flex e-con-boxed e-con e-parent\" data-id=\"b5dfbdf\" data-element_type=\"container\" data-e-type=\"container\">\n\t\t\t\t\t<div class=\"e-con-inner\">\n\t\t\t\t<div class=\"elementor-element elementor-element-30b304c elementor-widget elementor-widget-spacer\" data-id=\"30b304c\" data-element_type=\"widget\" data-e-type=\"widget\" data-widget_type=\"spacer.default\">\n\t\t\t\t<div class=\"elementor-widget-container\">\n\t\t\t\t\t\t\t<div class=\"elementor-spacer\">\n\t\t\t<div class=\"elementor-spacer-inner\"><\/div>\n\t\t<\/div>\n\t\t\t\t\t\t<\/div>\n\t\t\t\t<\/div>\n\t\t\t\t\t<\/div>\n\t\t\t\t<\/div>\n\t\t\t\t<\/div>\n\t\t","protected":false},"excerpt":{"rendered":"<p>Le massage Abhyanga est issu de la tradition du Nord de l&rsquo;Inde.\u00a0Il utilise les propri\u00e9t\u00e9s des huiles chaudes qui cr\u00e9ent une v\u00e9ritable enveloppe et nourrit votre peau.\u00a0Il agit sur l\u2019\u00e9nergie vitale, permet la relaxation et la revitalisation de tout le corps, et lutte contre la fatigue.\u00a0Il favorise la d\u00e9tente, la circulation sanguine et lymphatique, d\u00e9tend [&hellip;]<\/p>\n","protected":false},"author":1,"featured_media":0,"parent":0,"menu_order":0,"comment_status":"closed","ping_status":"closed","template":"","meta":{"footnotes":""},"class_list":["post-11","page","type-page","status-publish","hentry","entry"],"yoast_head":"<!-- This site is optimized with the Yoast SEO plugin v27.4 - https:\/\/yoast.com\/product\/yoast-seo-wordpress\/ -->\n<title>Massage reiki et magn\u00e9tisme sur Ajaccio<\/title>\n<meta name=\"description\" content=\"Salon de Massage abhyanga, ayurv\u00e9dique, soins \u00e9nerg\u00e9tiques, reiki et magn\u00e9tisme sur Ajaccio.T\u00e9l\u00e9phone 06 28 53 39 30\" \/>\n<meta name=\"robots\" content=\"index, follow, max-snippet:-1, max-image-preview:large, max-video-preview:-1\" \/>\n<link rel=\"canonical\" href=\"https:\/\/institutnamaste.fr\/index.php\/massages-abhyanga-soins-enegetiques-reiki-magnetisme-sur-ajaccio-2\/\" \/>\n<meta property=\"og:locale\" content=\"fr_FR\" \/>\n<meta property=\"og:type\" content=\"article\" \/>\n<meta property=\"og:title\" content=\"Massage reiki et magn\u00e9tisme sur Ajaccio\" \/>\n<meta property=\"og:description\" content=\"Salon de Massage abhyanga, ayurv\u00e9dique, soins \u00e9nerg\u00e9tiques, reiki et magn\u00e9tisme sur Ajaccio.T\u00e9l\u00e9phone 06 28 53 39 30\" \/>\n<meta property=\"og:url\" content=\"https:\/\/institutnamaste.fr\/index.php\/massages-abhyanga-soins-enegetiques-reiki-magnetisme-sur-ajaccio-2\/\" \/>\n<meta property=\"og:site_name\" content=\"institutnamaste\" \/>\n<meta property=\"article:modified_time\" content=\"2025-04-28T15:56:21+00:00\" \/>\n<meta property=\"og:image\" content=\"https:\/\/institutnamaste.fr\/wp-content\/uploads\/2023\/10\/Capture-decran-2023-10-04-134842.png\" \/>\n\t<meta property=\"og:image:width\" content=\"1920\" \/>\n\t<meta property=\"og:image:height\" content=\"448\" \/>\n\t<meta property=\"og:image:type\" content=\"image\/png\" \/>\n<meta name=\"twitter:card\" content=\"summary_large_image\" \/>\n<meta name=\"twitter:label1\" content=\"Dur\u00e9e de lecture estim\u00e9e\" \/>\n\t<meta name=\"twitter:data1\" content=\"3 minutes\" \/>\n<script type=\"application\/ld+json\" class=\"yoast-schema-graph\">{\"@context\":\"https:\\\/\\\/schema.org\",\"@graph\":[{\"@type\":\"WebPage\",\"@id\":\"https:\\\/\\\/institutnamaste.fr\\\/index.php\\\/massages-abhyanga-soins-enegetiques-reiki-magnetisme-sur-ajaccio-2\\\/\",\"url\":\"https:\\\/\\\/institutnamaste.fr\\\/index.php\\\/massages-abhyanga-soins-enegetiques-reiki-magnetisme-sur-ajaccio-2\\\/\",\"name\":\"Massage reiki et magn\u00e9tisme sur Ajaccio\",\"isPartOf\":{\"@id\":\"https:\\\/\\\/institutnamaste.fr\\\/#website\"},\"primaryImageOfPage\":{\"@id\":\"https:\\\/\\\/institutnamaste.fr\\\/index.php\\\/massages-abhyanga-soins-enegetiques-reiki-magnetisme-sur-ajaccio-2\\\/#primaryimage\"},\"image\":{\"@id\":\"https:\\\/\\\/institutnamaste.fr\\\/index.php\\\/massages-abhyanga-soins-enegetiques-reiki-magnetisme-sur-ajaccio-2\\\/#primaryimage\"},\"thumbnailUrl\":\"https:\\\/\\\/institutnamaste.fr\\\/wp-content\\\/uploads\\\/2023\\\/10\\\/Capture-decran-2023-10-04-134842.png\",\"datePublished\":\"2023-10-02T07:36:01+00:00\",\"dateModified\":\"2025-04-28T15:56:21+00:00\",\"description\":\"Salon de Massage abhyanga, ayurv\u00e9dique, soins \u00e9nerg\u00e9tiques, reiki et magn\u00e9tisme sur Ajaccio.T\u00e9l\u00e9phone 06 28 53 39 30\",\"breadcrumb\":{\"@id\":\"https:\\\/\\\/institutnamaste.fr\\\/index.php\\\/massages-abhyanga-soins-enegetiques-reiki-magnetisme-sur-ajaccio-2\\\/#breadcrumb\"},\"inLanguage\":\"fr-FR\",\"potentialAction\":[{\"@type\":\"ReadAction\",\"target\":[\"https:\\\/\\\/institutnamaste.fr\\\/index.php\\\/massages-abhyanga-soins-enegetiques-reiki-magnetisme-sur-ajaccio-2\\\/\"]}]},{\"@type\":\"ImageObject\",\"inLanguage\":\"fr-FR\",\"@id\":\"https:\\\/\\\/institutnamaste.fr\\\/index.php\\\/massages-abhyanga-soins-enegetiques-reiki-magnetisme-sur-ajaccio-2\\\/#primaryimage\",\"url\":\"https:\\\/\\\/institutnamaste.fr\\\/wp-content\\\/uploads\\\/2023\\\/10\\\/Capture-decran-2023-10-04-134842.png\",\"contentUrl\":\"https:\\\/\\\/institutnamaste.fr\\\/wp-content\\\/uploads\\\/2023\\\/10\\\/Capture-decran-2023-10-04-134842.png\",\"width\":1920,\"height\":448},{\"@type\":\"BreadcrumbList\",\"@id\":\"https:\\\/\\\/institutnamaste.fr\\\/index.php\\\/massages-abhyanga-soins-enegetiques-reiki-magnetisme-sur-ajaccio-2\\\/#breadcrumb\",\"itemListElement\":[{\"@type\":\"ListItem\",\"position\":1,\"name\":\"Accueil\",\"item\":\"https:\\\/\\\/institutnamaste.fr\\\/\"},{\"@type\":\"ListItem\",\"position\":2,\"name\":\"A PROPOS\"}]},{\"@type\":\"WebSite\",\"@id\":\"https:\\\/\\\/institutnamaste.fr\\\/#website\",\"url\":\"https:\\\/\\\/institutnamaste.fr\\\/\",\"name\":\"institutnamaste\",\"description\":\"\",\"potentialAction\":[{\"@type\":\"SearchAction\",\"target\":{\"@type\":\"EntryPoint\",\"urlTemplate\":\"https:\\\/\\\/institutnamaste.fr\\\/?s={search_term_string}\"},\"query-input\":{\"@type\":\"PropertyValueSpecification\",\"valueRequired\":true,\"valueName\":\"search_term_string\"}}],\"inLanguage\":\"fr-FR\"}]}<\/script>\n<!-- \/ Yoast SEO plugin. -->","yoast_head_json":{"title":"Massage reiki et magn\u00e9tisme sur Ajaccio","description":"Salon de Massage abhyanga, ayurv\u00e9dique, soins \u00e9nerg\u00e9tiques, reiki et magn\u00e9tisme sur Ajaccio.T\u00e9l\u00e9phone 06 28 53 39 30","robots":{"index":"index","follow":"follow","max-snippet":"max-snippet:-1","max-image-preview":"max-image-preview:large","max-video-preview":"max-video-preview:-1"},"canonical":"https:\/\/institutnamaste.fr\/index.php\/massages-abhyanga-soins-enegetiques-reiki-magnetisme-sur-ajaccio-2\/","og_locale":"fr_FR","og_type":"article","og_title":"Massage reiki et magn\u00e9tisme sur Ajaccio","og_description":"Salon de Massage abhyanga, ayurv\u00e9dique, soins \u00e9nerg\u00e9tiques, reiki et magn\u00e9tisme sur Ajaccio.T\u00e9l\u00e9phone 06 28 53 39 30","og_url":"https:\/\/institutnamaste.fr\/index.php\/massages-abhyanga-soins-enegetiques-reiki-magnetisme-sur-ajaccio-2\/","og_site_name":"institutnamaste","article_modified_time":"2025-04-28T15:56:21+00:00","og_image":[{"width":1920,"height":448,"url":"https:\/\/institutnamaste.fr\/wp-content\/uploads\/2023\/10\/Capture-decran-2023-10-04-134842.png","type":"image\/png"}],"twitter_card":"summary_large_image","twitter_misc":{"Dur\u00e9e de lecture estim\u00e9e":"3 minutes"},"schema":{"@context":"https:\/\/schema.org","@graph":[{"@type":"WebPage","@id":"https:\/\/institutnamaste.fr\/index.php\/massages-abhyanga-soins-enegetiques-reiki-magnetisme-sur-ajaccio-2\/","url":"https:\/\/institutnamaste.fr\/index.php\/massages-abhyanga-soins-enegetiques-reiki-magnetisme-sur-ajaccio-2\/","name":"Massage reiki et magn\u00e9tisme sur Ajaccio","isPartOf":{"@id":"https:\/\/institutnamaste.fr\/#website"},"primaryImageOfPage":{"@id":"https:\/\/institutnamaste.fr\/index.php\/massages-abhyanga-soins-enegetiques-reiki-magnetisme-sur-ajaccio-2\/#primaryimage"},"image":{"@id":"https:\/\/institutnamaste.fr\/index.php\/massages-abhyanga-soins-enegetiques-reiki-magnetisme-sur-ajaccio-2\/#primaryimage"},"thumbnailUrl":"https:\/\/institutnamaste.fr\/wp-content\/uploads\/2023\/10\/Capture-decran-2023-10-04-134842.png","datePublished":"2023-10-02T07:36:01+00:00","dateModified":"2025-04-28T15:56:21+00:00","description":"Salon de Massage abhyanga, ayurv\u00e9dique, soins \u00e9nerg\u00e9tiques, reiki et magn\u00e9tisme sur Ajaccio.T\u00e9l\u00e9phone 06 28 53 39 30","breadcrumb":{"@id":"https:\/\/institutnamaste.fr\/index.php\/massages-abhyanga-soins-enegetiques-reiki-magnetisme-sur-ajaccio-2\/#breadcrumb"},"inLanguage":"fr-FR","potentialAction":[{"@type":"ReadAction","target":["https:\/\/institutnamaste.fr\/index.php\/massages-abhyanga-soins-enegetiques-reiki-magnetisme-sur-ajaccio-2\/"]}]},{"@type":"ImageObject","inLanguage":"fr-FR","@id":"https:\/\/institutnamaste.fr\/index.php\/massages-abhyanga-soins-enegetiques-reiki-magnetisme-sur-ajaccio-2\/#primaryimage","url":"https:\/\/institutnamaste.fr\/wp-content\/uploads\/2023\/10\/Capture-decran-2023-10-04-134842.png","contentUrl":"https:\/\/institutnamaste.fr\/wp-content\/uploads\/2023\/10\/Capture-decran-2023-10-04-134842.png","width":1920,"height":448},{"@type":"BreadcrumbList","@id":"https:\/\/institutnamaste.fr\/index.php\/massages-abhyanga-soins-enegetiques-reiki-magnetisme-sur-ajaccio-2\/#breadcrumb","itemListElement":[{"@type":"ListItem","position":1,"name":"Accueil","item":"https:\/\/institutnamaste.fr\/"},{"@type":"ListItem","position":2,"name":"A PROPOS"}]},{"@type":"WebSite","@id":"https:\/\/institutnamaste.fr\/#website","url":"https:\/\/institutnamaste.fr\/","name":"institutnamaste","description":"","potentialAction":[{"@type":"SearchAction","target":{"@type":"EntryPoint","urlTemplate":"https:\/\/institutnamaste.fr\/?s={search_term_string}"},"query-input":{"@type":"PropertyValueSpecification","valueRequired":true,"valueName":"search_term_string"}}],"inLanguage":"fr-FR"}]}},"_links":{"self":[{"href":"https:\/\/institutnamaste.fr\/index.php\/wp-json\/wp\/v2\/pages\/11","targetHints":{"allow":["GET"]}}],"collection":[{"href":"https:\/\/institutnamaste.fr\/index.php\/wp-json\/wp\/v2\/pages"}],"about":[{"href":"https:\/\/institutnamaste.fr\/index.php\/wp-json\/wp\/v2\/types\/page"}],"author":[{"embeddable":true,"href":"https:\/\/institutnamaste.fr\/index.php\/wp-json\/wp\/v2\/users\/1"}],"replies":[{"embeddable":true,"href":"https:\/\/institutnamaste.fr\/index.php\/wp-json\/wp\/v2\/comments?post=11"}],"version-history":[{"count":74,"href":"https:\/\/institutnamaste.fr\/index.php\/wp-json\/wp\/v2\/pages\/11\/revisions"}],"predecessor-version":[{"id":1108,"href":"https:\/\/institutnamaste.fr\/index.php\/wp-json\/wp\/v2\/pages\/11\/revisions\/1108"}],"wp:attachment":[{"href":"https:\/\/institutnamaste.fr\/index.php\/wp-json\/wp\/v2\/media?parent=11"}],"curies":[{"name":"wp","href":"https:\/\/api.w.org\/{rel}","templated":true}]}}