{"id":14,"date":"2023-10-02T09:36:56","date_gmt":"2023-10-02T07:36:56","guid":{"rendered":"https:\/\/institutnamaste.fr\/?page_id=14"},"modified":"2025-04-03T14:21:14","modified_gmt":"2025-04-03T12:21:14","slug":"massages-abhyanga-soins-enegetiques-reiki-magnetisme-sur-ajaccio-5","status":"publish","type":"page","link":"https:\/\/institutnamaste.fr\/index.php\/massages-abhyanga-soins-enegetiques-reiki-magnetisme-sur-ajaccio-5\/","title":{"rendered":"TARIFS"},"content":{"rendered":"\t\t<div data-elementor-type=\"wp-page\" data-elementor-id=\"14\" class=\"elementor elementor-14\">\n\t\t\t\t<div class=\"elementor-element elementor-element-72d6991 e-con-full e-flex e-con e-parent\" data-id=\"72d6991\" data-element_type=\"container\" data-e-type=\"container\">\n\t\t\t\t<div class=\"elementor-element elementor-element-1873bef elementor-widget elementor-widget-image\" data-id=\"1873bef\" data-element_type=\"widget\" data-e-type=\"widget\" data-widget_type=\"image.default\">\n\t\t\t\t<div class=\"elementor-widget-container\">\n\t\t\t\t\t\t\t\t\t\t\t\t\t\t\t<img fetchpriority=\"high\" decoding=\"async\" width=\"1920\" height=\"445\" src=\"https:\/\/institutnamaste.fr\/wp-content\/uploads\/2023\/10\/Capture-decran-2023-10-04-135410.png\" class=\"attachment-full size-full wp-image-228\" alt=\"\" srcset=\"https:\/\/institutnamaste.fr\/wp-content\/uploads\/2023\/10\/Capture-decran-2023-10-04-135410.png 1920w, https:\/\/institutnamaste.fr\/wp-content\/uploads\/2023\/10\/Capture-decran-2023-10-04-135410-300x70.png 300w, https:\/\/institutnamaste.fr\/wp-content\/uploads\/2023\/10\/Capture-decran-2023-10-04-135410-1024x237.png 1024w, https:\/\/institutnamaste.fr\/wp-content\/uploads\/2023\/10\/Capture-decran-2023-10-04-135410-768x178.png 768w, https:\/\/institutnamaste.fr\/wp-content\/uploads\/2023\/10\/Capture-decran-2023-10-04-135410-1536x356.png 1536w\" sizes=\"(max-width: 1920px) 100vw, 1920px\" \/>\t\t\t\t\t\t\t\t\t\t\t\t\t\t\t<\/div>\n\t\t\t\t<\/div>\n\t\t\t\t<\/div>\n\t\t<div class=\"elementor-element elementor-element-23e6fe4b e-flex e-con-boxed e-con e-parent\" data-id=\"23e6fe4b\" data-element_type=\"container\" data-e-type=\"container\">\n\t\t\t\t\t<div class=\"e-con-inner\">\n\t\t\t\t<div class=\"elementor-element elementor-element-5cf2a0ff elementor-widget elementor-widget-elementskit-heading\" data-id=\"5cf2a0ff\" data-element_type=\"widget\" data-e-type=\"widget\" data-widget_type=\"elementskit-heading.default\">\n\t\t\t\t<div class=\"elementor-widget-container\">\n\t\t\t\t\t<div class=\"ekit-wid-con\" ><div class=\"ekit-heading elementskit-section-title-wraper center   ekit_heading_tablet-   ekit_heading_mobile-\"><h2 class=\"ekit-heading--title elementskit-section-title \">Massage Abhyanga et Ayurv\u00e9dique<\/h2><div class=\"ekit_heading_separetor_wraper ekit_heading_elementskit-border-divider ekit-dotted\"><div class=\"elementskit-border-divider ekit-dotted\"><\/div><\/div><\/div><\/div>\t\t\t\t<\/div>\n\t\t\t\t<\/div>\n\t\t<div class=\"elementor-element elementor-element-2b1b3a38 e-grid e-con-boxed e-con e-child\" data-id=\"2b1b3a38\" data-element_type=\"container\" data-e-type=\"container\">\n\t\t\t\t\t<div class=\"e-con-inner\">\n\t\t\t\t<div class=\"elementor-element elementor-element-4861f0eb elementor-widget elementor-widget-elementskit-pricing\" data-id=\"4861f0eb\" data-element_type=\"widget\" data-e-type=\"widget\" data-widget_type=\"elementskit-pricing.default\">\n\t\t\t\t<div class=\"elementor-widget-container\">\n\t\t\t\t\t<div class=\"ekit-wid-con\" >\n\n        <div class=\"elementskit-single-pricing \" >\n            <div class=\"elementskit-pricing-header \">\n\t\t\t\t\t\t\t\t\n\t\t\t\t                \t<h3\t\t\t\t\tclass=\" elementskit-pricing-title\">Aux Essences chaudes Bio\t\t\t\t\t<\/h3>\n\t\t\t\t\t\t\t\t            <\/div>\n\t\t\t            <div class=\" elementskit-pricing-price-wraper has-tag \">\n                <div class=\"elementskit-pricing-tag\"><\/div>\n                <span class=\"elementskit-pricing-price\">\n\t\t\t\t\t\t\t\t\t\t\t<sup class=\"currency\">.<\/sup>\n\t\t\t\t\t\t\t\t\t\t<span>75 \u20ac<\/span>\n\t\t\t\t\t\n\t\t\t\t\t\t\t\t\t\t<sub class=\"period\">1h<\/sub>\n\t\t\t\t\t\t\t\t\t<\/span>\n            <\/div>\n\t\t\t            <div class=\"elementskit-pricing-content \">\n\n                                    <p> <\/p>\n                                            <\/div>\n            <div class=\"elementskit-pricing-btn-wraper \">\n\t\t\t\t<a href=\"#\" class=\"elementskit-pricing-btn  ekit-pricing-btn-icon-pos-left\" >\n\t\t\t\t\tContactez nous \t\t\t\t<\/a>\n            <\/div>\n        <\/div>\n\n    <\/div>\t\t\t\t<\/div>\n\t\t\t\t<\/div>\n\t\t\t\t<div class=\"elementor-element elementor-element-33c2ae1 elementor-widget elementor-widget-elementskit-pricing\" data-id=\"33c2ae1\" data-element_type=\"widget\" data-e-type=\"widget\" data-widget_type=\"elementskit-pricing.default\">\n\t\t\t\t<div class=\"elementor-widget-container\">\n\t\t\t\t\t<div class=\"ekit-wid-con\" >\n\n        <div class=\"elementskit-single-pricing \" >\n            <div class=\"elementskit-pricing-header \">\n\t\t\t\t\t\t\t\t\n\t\t\t\t                \t<h3\t\t\t\t\tclass=\" elementskit-pricing-title\">Aux Essences chaudes Bio\t\t\t\t\t<\/h3>\n\t\t\t\t\t\t\t\t            <\/div>\n\t\t\t            <div class=\" elementskit-pricing-price-wraper has-tag \">\n                <div class=\"elementskit-pricing-tag\"><\/div>\n                <span class=\"elementskit-pricing-price\">\n\t\t\t\t\t\t\t\t\t\t\t<sup class=\"currency\">.<\/sup>\n\t\t\t\t\t\t\t\t\t\t<span>122 \u20ac<\/span>\n\t\t\t\t\t\n\t\t\t\t\t\t\t\t\t\t<sub class=\"period\">1h30 <\/sub>\n\t\t\t\t\t\t\t\t\t<\/span>\n            <\/div>\n\t\t\t            <div class=\"elementskit-pricing-content \">\n\n                                    <p> <\/p>\n                                            <\/div>\n            <div class=\"elementskit-pricing-btn-wraper \">\n\t\t\t\t<a href=\"#\" class=\"elementskit-pricing-btn  ekit-pricing-btn-icon-pos-left\" >\n\t\t\t\t\tContactez nous\t\t\t\t<\/a>\n            <\/div>\n        <\/div>\n\n    <\/div>\t\t\t\t<\/div>\n\t\t\t\t<\/div>\n\t\t\t\t<div class=\"elementor-element elementor-element-2443fae elementor-widget elementor-widget-elementskit-pricing\" data-id=\"2443fae\" data-element_type=\"widget\" data-e-type=\"widget\" data-widget_type=\"elementskit-pricing.default\">\n\t\t\t\t<div class=\"elementor-widget-container\">\n\t\t\t\t\t<div class=\"ekit-wid-con\" >\n\n        <div class=\"elementskit-single-pricing \" >\n            <div class=\"elementskit-pricing-header \">\n\t\t\t\t\t\t\t\t\n\t\t\t\t                \t<h3\t\t\t\t\tclass=\" elementskit-pricing-title\">Dos ou jambes 30 mns + R\u00e9flexologie Plantaire 45 mns.\t\t\t\t\t<\/h3>\n\t\t\t\t\t\t\t\t            <\/div>\n\t\t\t            <div class=\" elementskit-pricing-price-wraper has-tag \">\n                <div class=\"elementskit-pricing-tag\"><\/div>\n                <span class=\"elementskit-pricing-price\">\n\t\t\t\t\t\t\t\t\t\t\t<sup class=\"currency\">.<\/sup>\n\t\t\t\t\t\t\t\t\t\t<span>82 \u20ac<\/span>\n\t\t\t\t\t\n\t\t\t\t\t\t\t\t\t<\/span>\n            <\/div>\n\t\t\t            <div class=\"elementskit-pricing-content \">\n\n                                    <p> <\/p>\n                                            <\/div>\n            <div class=\"elementskit-pricing-btn-wraper \">\n\t\t\t\t<a href=\"#\" class=\"elementskit-pricing-btn  ekit-pricing-btn-icon-pos-left\" >\n\t\t\t\t\tContactez nous\t\t\t\t<\/a>\n            <\/div>\n        <\/div>\n\n    <\/div>\t\t\t\t<\/div>\n\t\t\t\t<\/div>\n\t\t\t\t<div class=\"elementor-element elementor-element-ff137fc elementor-widget elementor-widget-elementskit-pricing\" data-id=\"ff137fc\" data-element_type=\"widget\" data-e-type=\"widget\" data-widget_type=\"elementskit-pricing.default\">\n\t\t\t\t<div class=\"elementor-widget-container\">\n\t\t\t\t\t<div class=\"ekit-wid-con\" >\n\n        <div class=\"elementskit-single-pricing \" >\n            <div class=\"elementskit-pricing-header \">\n\t\t\t\t\t\t\t\t\n\t\t\t\t                \t<h3\t\t\t\t\tclass=\" elementskit-pricing-title\">Dos 30 mns + R\u00e9flexologie Faciale 15 mns. \u00a0\u00a0\u00a0\u00a0\u00a0\u00a0\u00a0\u00a0\u00a0\u00a0\u00a0\u00a0\u00a0\u00a0\u00a0\u00a0\u00a0\u00a0\u00a0\u00a0\u00a0\u00a0\u00a0\u00a0\t\t\t\t\t<\/h3>\n\t\t\t\t\t\t\t\t            <\/div>\n\t\t\t            <div class=\" elementskit-pricing-price-wraper has-tag \">\n                <div class=\"elementskit-pricing-tag\"><\/div>\n                <span class=\"elementskit-pricing-price\">\n\t\t\t\t\t\t\t\t\t\t\t<sup class=\"currency\">.<\/sup>\n\t\t\t\t\t\t\t\t\t\t<span>52 \u20ac<\/span>\n\t\t\t\t\t\n\t\t\t\t\t\t\t\t\t<\/span>\n            <\/div>\n\t\t\t            <div class=\"elementskit-pricing-content \">\n\n                                    <p> <\/p>\n                                            <\/div>\n            <div class=\"elementskit-pricing-btn-wraper \">\n\t\t\t\t<a href=\"#\" class=\"elementskit-pricing-btn  ekit-pricing-btn-icon-pos-left\" >\n\t\t\t\t\tContactez nous\t\t\t\t<\/a>\n            <\/div>\n        <\/div>\n\n    <\/div>\t\t\t\t<\/div>\n\t\t\t\t<\/div>\n\t\t\t\t\t<\/div>\n\t\t\t\t<\/div>\n\t\t\t\t\t<\/div>\n\t\t\t\t<\/div>\n\t\t\t\t<\/div>\n\t\t","protected":false},"excerpt":{"rendered":"<p>Massage Abhyanga et Ayurv\u00e9dique Aux Essences chaudes Bio . 75 \u20ac 1h Contactez nous Aux Essences chaudes Bio . 122 \u20ac 1h30 Contactez nous Dos ou jambes 30 mns + R\u00e9flexologie Plantaire 45 mns. . 82 \u20ac Contactez nous Dos 30 mns + R\u00e9flexologie Faciale 15 mns. \u00a0\u00a0\u00a0\u00a0\u00a0\u00a0\u00a0\u00a0\u00a0\u00a0\u00a0\u00a0\u00a0\u00a0\u00a0\u00a0\u00a0\u00a0\u00a0\u00a0\u00a0\u00a0\u00a0\u00a0 . 52 \u20ac Contactez nous<\/p>\n","protected":false},"author":1,"featured_media":0,"parent":0,"menu_order":0,"comment_status":"closed","ping_status":"closed","template":"","meta":{"footnotes":""},"class_list":["post-14","page","type-page","status-publish","hentry","entry"],"yoast_head":"<!-- This site is optimized with the Yoast SEO plugin v27.4 - https:\/\/yoast.com\/product\/yoast-seo-wordpress\/ -->\n<title>Massage reiki et magn\u00e9tisme sur Ajaccio<\/title>\n<meta name=\"description\" content=\"Salon de Massage abhyanga, ayurv\u00e9dique, soins \u00e9nerg\u00e9tiques, reiki et magn\u00e9tisme sur Ajaccio.T\u00e9l\u00e9phone 06 28 53 39 30\" \/>\n<meta name=\"robots\" content=\"index, follow, max-snippet:-1, max-image-preview:large, max-video-preview:-1\" \/>\n<link rel=\"canonical\" href=\"https:\/\/institutnamaste.fr\/index.php\/massages-abhyanga-soins-enegetiques-reiki-magnetisme-sur-ajaccio-5\/\" \/>\n<meta property=\"og:locale\" content=\"fr_FR\" \/>\n<meta property=\"og:type\" content=\"article\" \/>\n<meta property=\"og:title\" content=\"Massage reiki et magn\u00e9tisme sur Ajaccio\" \/>\n<meta property=\"og:description\" content=\"Salon de Massage abhyanga, ayurv\u00e9dique, soins \u00e9nerg\u00e9tiques, reiki et magn\u00e9tisme sur Ajaccio.T\u00e9l\u00e9phone 06 28 53 39 30\" \/>\n<meta property=\"og:url\" content=\"https:\/\/institutnamaste.fr\/index.php\/massages-abhyanga-soins-enegetiques-reiki-magnetisme-sur-ajaccio-5\/\" \/>\n<meta property=\"og:site_name\" content=\"institutnamaste\" \/>\n<meta property=\"article:modified_time\" content=\"2025-04-03T12:21:14+00:00\" \/>\n<meta property=\"og:image\" content=\"https:\/\/institutnamaste.fr\/wp-content\/uploads\/2023\/10\/Capture-decran-2023-10-04-135410.png\" \/>\n\t<meta property=\"og:image:width\" content=\"1920\" \/>\n\t<meta property=\"og:image:height\" content=\"445\" \/>\n\t<meta property=\"og:image:type\" content=\"image\/png\" \/>\n<meta name=\"twitter:card\" content=\"summary_large_image\" \/>\n<meta name=\"twitter:label1\" content=\"Dur\u00e9e de lecture estim\u00e9e\" \/>\n\t<meta name=\"twitter:data1\" content=\"1 minute\" \/>\n<script type=\"application\/ld+json\" class=\"yoast-schema-graph\">{\"@context\":\"https:\\\/\\\/schema.org\",\"@graph\":[{\"@type\":\"WebPage\",\"@id\":\"https:\\\/\\\/institutnamaste.fr\\\/index.php\\\/massages-abhyanga-soins-enegetiques-reiki-magnetisme-sur-ajaccio-5\\\/\",\"url\":\"https:\\\/\\\/institutnamaste.fr\\\/index.php\\\/massages-abhyanga-soins-enegetiques-reiki-magnetisme-sur-ajaccio-5\\\/\",\"name\":\"Massage reiki et magn\u00e9tisme sur Ajaccio\",\"isPartOf\":{\"@id\":\"https:\\\/\\\/institutnamaste.fr\\\/#website\"},\"primaryImageOfPage\":{\"@id\":\"https:\\\/\\\/institutnamaste.fr\\\/index.php\\\/massages-abhyanga-soins-enegetiques-reiki-magnetisme-sur-ajaccio-5\\\/#primaryimage\"},\"image\":{\"@id\":\"https:\\\/\\\/institutnamaste.fr\\\/index.php\\\/massages-abhyanga-soins-enegetiques-reiki-magnetisme-sur-ajaccio-5\\\/#primaryimage\"},\"thumbnailUrl\":\"https:\\\/\\\/institutnamaste.fr\\\/wp-content\\\/uploads\\\/2023\\\/10\\\/Capture-decran-2023-10-04-135410.png\",\"datePublished\":\"2023-10-02T07:36:56+00:00\",\"dateModified\":\"2025-04-03T12:21:14+00:00\",\"description\":\"Salon de Massage abhyanga, ayurv\u00e9dique, soins \u00e9nerg\u00e9tiques, reiki et magn\u00e9tisme sur Ajaccio.T\u00e9l\u00e9phone 06 28 53 39 30\",\"breadcrumb\":{\"@id\":\"https:\\\/\\\/institutnamaste.fr\\\/index.php\\\/massages-abhyanga-soins-enegetiques-reiki-magnetisme-sur-ajaccio-5\\\/#breadcrumb\"},\"inLanguage\":\"fr-FR\",\"potentialAction\":[{\"@type\":\"ReadAction\",\"target\":[\"https:\\\/\\\/institutnamaste.fr\\\/index.php\\\/massages-abhyanga-soins-enegetiques-reiki-magnetisme-sur-ajaccio-5\\\/\"]}]},{\"@type\":\"ImageObject\",\"inLanguage\":\"fr-FR\",\"@id\":\"https:\\\/\\\/institutnamaste.fr\\\/index.php\\\/massages-abhyanga-soins-enegetiques-reiki-magnetisme-sur-ajaccio-5\\\/#primaryimage\",\"url\":\"https:\\\/\\\/institutnamaste.fr\\\/wp-content\\\/uploads\\\/2023\\\/10\\\/Capture-decran-2023-10-04-135410.png\",\"contentUrl\":\"https:\\\/\\\/institutnamaste.fr\\\/wp-content\\\/uploads\\\/2023\\\/10\\\/Capture-decran-2023-10-04-135410.png\",\"width\":1920,\"height\":445},{\"@type\":\"BreadcrumbList\",\"@id\":\"https:\\\/\\\/institutnamaste.fr\\\/index.php\\\/massages-abhyanga-soins-enegetiques-reiki-magnetisme-sur-ajaccio-5\\\/#breadcrumb\",\"itemListElement\":[{\"@type\":\"ListItem\",\"position\":1,\"name\":\"Accueil\",\"item\":\"https:\\\/\\\/institutnamaste.fr\\\/\"},{\"@type\":\"ListItem\",\"position\":2,\"name\":\"TARIFS\"}]},{\"@type\":\"WebSite\",\"@id\":\"https:\\\/\\\/institutnamaste.fr\\\/#website\",\"url\":\"https:\\\/\\\/institutnamaste.fr\\\/\",\"name\":\"institutnamaste\",\"description\":\"\",\"potentialAction\":[{\"@type\":\"SearchAction\",\"target\":{\"@type\":\"EntryPoint\",\"urlTemplate\":\"https:\\\/\\\/institutnamaste.fr\\\/?s={search_term_string}\"},\"query-input\":{\"@type\":\"PropertyValueSpecification\",\"valueRequired\":true,\"valueName\":\"search_term_string\"}}],\"inLanguage\":\"fr-FR\"}]}<\/script>\n<!-- \/ Yoast SEO plugin. -->","yoast_head_json":{"title":"Massage reiki et magn\u00e9tisme sur Ajaccio","description":"Salon de Massage abhyanga, ayurv\u00e9dique, soins \u00e9nerg\u00e9tiques, reiki et magn\u00e9tisme sur Ajaccio.T\u00e9l\u00e9phone 06 28 53 39 30","robots":{"index":"index","follow":"follow","max-snippet":"max-snippet:-1","max-image-preview":"max-image-preview:large","max-video-preview":"max-video-preview:-1"},"canonical":"https:\/\/institutnamaste.fr\/index.php\/massages-abhyanga-soins-enegetiques-reiki-magnetisme-sur-ajaccio-5\/","og_locale":"fr_FR","og_type":"article","og_title":"Massage reiki et magn\u00e9tisme sur Ajaccio","og_description":"Salon de Massage abhyanga, ayurv\u00e9dique, soins \u00e9nerg\u00e9tiques, reiki et magn\u00e9tisme sur Ajaccio.T\u00e9l\u00e9phone 06 28 53 39 30","og_url":"https:\/\/institutnamaste.fr\/index.php\/massages-abhyanga-soins-enegetiques-reiki-magnetisme-sur-ajaccio-5\/","og_site_name":"institutnamaste","article_modified_time":"2025-04-03T12:21:14+00:00","og_image":[{"width":1920,"height":445,"url":"https:\/\/institutnamaste.fr\/wp-content\/uploads\/2023\/10\/Capture-decran-2023-10-04-135410.png","type":"image\/png"}],"twitter_card":"summary_large_image","twitter_misc":{"Dur\u00e9e de lecture estim\u00e9e":"1 minute"},"schema":{"@context":"https:\/\/schema.org","@graph":[{"@type":"WebPage","@id":"https:\/\/institutnamaste.fr\/index.php\/massages-abhyanga-soins-enegetiques-reiki-magnetisme-sur-ajaccio-5\/","url":"https:\/\/institutnamaste.fr\/index.php\/massages-abhyanga-soins-enegetiques-reiki-magnetisme-sur-ajaccio-5\/","name":"Massage reiki et magn\u00e9tisme sur Ajaccio","isPartOf":{"@id":"https:\/\/institutnamaste.fr\/#website"},"primaryImageOfPage":{"@id":"https:\/\/institutnamaste.fr\/index.php\/massages-abhyanga-soins-enegetiques-reiki-magnetisme-sur-ajaccio-5\/#primaryimage"},"image":{"@id":"https:\/\/institutnamaste.fr\/index.php\/massages-abhyanga-soins-enegetiques-reiki-magnetisme-sur-ajaccio-5\/#primaryimage"},"thumbnailUrl":"https:\/\/institutnamaste.fr\/wp-content\/uploads\/2023\/10\/Capture-decran-2023-10-04-135410.png","datePublished":"2023-10-02T07:36:56+00:00","dateModified":"2025-04-03T12:21:14+00:00","description":"Salon de Massage abhyanga, ayurv\u00e9dique, soins \u00e9nerg\u00e9tiques, reiki et magn\u00e9tisme sur Ajaccio.T\u00e9l\u00e9phone 06 28 53 39 30","breadcrumb":{"@id":"https:\/\/institutnamaste.fr\/index.php\/massages-abhyanga-soins-enegetiques-reiki-magnetisme-sur-ajaccio-5\/#breadcrumb"},"inLanguage":"fr-FR","potentialAction":[{"@type":"ReadAction","target":["https:\/\/institutnamaste.fr\/index.php\/massages-abhyanga-soins-enegetiques-reiki-magnetisme-sur-ajaccio-5\/"]}]},{"@type":"ImageObject","inLanguage":"fr-FR","@id":"https:\/\/institutnamaste.fr\/index.php\/massages-abhyanga-soins-enegetiques-reiki-magnetisme-sur-ajaccio-5\/#primaryimage","url":"https:\/\/institutnamaste.fr\/wp-content\/uploads\/2023\/10\/Capture-decran-2023-10-04-135410.png","contentUrl":"https:\/\/institutnamaste.fr\/wp-content\/uploads\/2023\/10\/Capture-decran-2023-10-04-135410.png","width":1920,"height":445},{"@type":"BreadcrumbList","@id":"https:\/\/institutnamaste.fr\/index.php\/massages-abhyanga-soins-enegetiques-reiki-magnetisme-sur-ajaccio-5\/#breadcrumb","itemListElement":[{"@type":"ListItem","position":1,"name":"Accueil","item":"https:\/\/institutnamaste.fr\/"},{"@type":"ListItem","position":2,"name":"TARIFS"}]},{"@type":"WebSite","@id":"https:\/\/institutnamaste.fr\/#website","url":"https:\/\/institutnamaste.fr\/","name":"institutnamaste","description":"","potentialAction":[{"@type":"SearchAction","target":{"@type":"EntryPoint","urlTemplate":"https:\/\/institutnamaste.fr\/?s={search_term_string}"},"query-input":{"@type":"PropertyValueSpecification","valueRequired":true,"valueName":"search_term_string"}}],"inLanguage":"fr-FR"}]}},"_links":{"self":[{"href":"https:\/\/institutnamaste.fr\/index.php\/wp-json\/wp\/v2\/pages\/14","targetHints":{"allow":["GET"]}}],"collection":[{"href":"https:\/\/institutnamaste.fr\/index.php\/wp-json\/wp\/v2\/pages"}],"about":[{"href":"https:\/\/institutnamaste.fr\/index.php\/wp-json\/wp\/v2\/types\/page"}],"author":[{"embeddable":true,"href":"https:\/\/institutnamaste.fr\/index.php\/wp-json\/wp\/v2\/users\/1"}],"replies":[{"embeddable":true,"href":"https:\/\/institutnamaste.fr\/index.php\/wp-json\/wp\/v2\/comments?post=14"}],"version-history":[{"count":89,"href":"https:\/\/institutnamaste.fr\/index.php\/wp-json\/wp\/v2\/pages\/14\/revisions"}],"predecessor-version":[{"id":1045,"href":"https:\/\/institutnamaste.fr\/index.php\/wp-json\/wp\/v2\/pages\/14\/revisions\/1045"}],"wp:attachment":[{"href":"https:\/\/institutnamaste.fr\/index.php\/wp-json\/wp\/v2\/media?parent=14"}],"curies":[{"name":"wp","href":"https:\/\/api.w.org\/{rel}","templated":true}]}}