{"id":16,"date":"2023-10-02T09:36:21","date_gmt":"2023-10-02T07:36:21","guid":{"rendered":"https:\/\/institutnamaste.fr\/?page_id=16"},"modified":"2023-10-06T16:25:14","modified_gmt":"2023-10-06T14:25:14","slug":"massages-abhyanga-soins-enegetiques-reiki-magnetisme-sur-ajaccio-3","status":"publish","type":"page","link":"https:\/\/institutnamaste.fr\/index.php\/massages-abhyanga-soins-enegetiques-reiki-magnetisme-sur-ajaccio-3\/","title":{"rendered":"CONTACT"},"content":{"rendered":"\t\t<div data-elementor-type=\"wp-page\" data-elementor-id=\"16\" class=\"elementor elementor-16\">\n\t\t\t\t<div class=\"elementor-element elementor-element-fbe153e e-con-full e-flex e-con e-parent\" data-id=\"fbe153e\" data-element_type=\"container\" data-e-type=\"container\">\n\t\t\t\t<div class=\"elementor-element elementor-element-b02b0e4 elementor-widget elementor-widget-image\" data-id=\"b02b0e4\" data-element_type=\"widget\" data-e-type=\"widget\" data-widget_type=\"image.default\">\n\t\t\t\t<div class=\"elementor-widget-container\">\n\t\t\t\t\t\t\t\t\t\t\t\t\t\t\t<img fetchpriority=\"high\" decoding=\"async\" width=\"1918\" height=\"447\" src=\"https:\/\/institutnamaste.fr\/wp-content\/uploads\/2023\/10\/Capture-decran-2023-10-04-135621.png\" class=\"attachment-full size-full wp-image-232\" alt=\"\" srcset=\"https:\/\/institutnamaste.fr\/wp-content\/uploads\/2023\/10\/Capture-decran-2023-10-04-135621.png 1918w, https:\/\/institutnamaste.fr\/wp-content\/uploads\/2023\/10\/Capture-decran-2023-10-04-135621-300x70.png 300w, https:\/\/institutnamaste.fr\/wp-content\/uploads\/2023\/10\/Capture-decran-2023-10-04-135621-1024x239.png 1024w, https:\/\/institutnamaste.fr\/wp-content\/uploads\/2023\/10\/Capture-decran-2023-10-04-135621-768x179.png 768w, https:\/\/institutnamaste.fr\/wp-content\/uploads\/2023\/10\/Capture-decran-2023-10-04-135621-1536x358.png 1536w\" sizes=\"(max-width: 1918px) 100vw, 1918px\" \/>\t\t\t\t\t\t\t\t\t\t\t\t\t\t\t<\/div>\n\t\t\t\t<\/div>\n\t\t\t\t<\/div>\n\t\t<div class=\"elementor-element elementor-element-f575ac2 e-flex e-con-boxed e-con e-parent\" data-id=\"f575ac2\" data-element_type=\"container\" data-e-type=\"container\">\n\t\t\t\t\t<div class=\"e-con-inner\">\n\t\t<div class=\"elementor-element elementor-element-fdf56ee e-con-full e-flex e-con e-child\" data-id=\"fdf56ee\" data-element_type=\"container\" data-e-type=\"container\">\n\t\t\t\t<div class=\"elementor-element elementor-element-3a314f6 elementor-widget elementor-widget-google_maps\" data-id=\"3a314f6\" data-element_type=\"widget\" data-e-type=\"widget\" data-widget_type=\"google_maps.default\">\n\t\t\t\t<div class=\"elementor-widget-container\">\n\t\t\t\t\t\t\t<div class=\"elementor-custom-embed\">\n\t\t\t<iframe loading=\"lazy\"\n\t\t\t\t\tsrc=\"https:\/\/maps.google.com\/maps?q=10%20avenue%20de%20Paris&#038;t=m&#038;z=16&#038;output=embed&#038;iwloc=near\"\n\t\t\t\t\ttitle=\"10 avenue de Paris\"\n\t\t\t\t\taria-label=\"10 avenue de Paris\"\n\t\t\t><\/iframe>\n\t\t<\/div>\n\t\t\t\t\t\t<\/div>\n\t\t\t\t<\/div>\n\t\t\t\t<\/div>\n\t\t<div class=\"elementor-element elementor-element-f4a249b e-con-full e-flex e-con e-child\" data-id=\"f4a249b\" data-element_type=\"container\" data-e-type=\"container\">\n\t\t\t\t<div class=\"elementor-element elementor-element-36840f4 elementor-widget elementor-widget-heading\" data-id=\"36840f4\" data-element_type=\"widget\" data-e-type=\"widget\" data-widget_type=\"heading.default\">\n\t\t\t\t<div class=\"elementor-widget-container\">\n\t\t\t\t\t<h2 class=\"elementor-heading-title elementor-size-default\">Contacter-nous<\/h2>\t\t\t\t<\/div>\n\t\t\t\t<\/div>\n\t\t\t\t<div class=\"elementor-element elementor-element-7ff3aec elementor-widget elementor-widget-text-editor\" data-id=\"7ff3aec\" data-element_type=\"widget\" data-e-type=\"widget\" data-widget_type=\"text-editor.default\">\n\t\t\t\t<div class=\"elementor-widget-container\">\n\t\t\t\t\t\t\t\t\t<h3>Adresse:\u00a0\u00a0\u00a0\u00a0\u00a0\u00a0\u00a0\u00a0\u00a0\u00a0\u00a0\u00a0\u00a0\u00a0\u00a0\u00a0\u00a0\u00a0\u00a0\u00a0\u00a0Institut Namast\u00e9<\/h3><p id=\"wnd_TextBlock_809541297_inner_2\" data-wnd_is_separable=\"1\" data-wnd_separable_index=\"2\" data-wnd_separable_id=\"wnd_TextBlock_809541297\">\u00a0\u00a0\u00a0\u00a0\u00a0\u00a0\u00a0\u00a0\u00a0\u00a0\u00a0\u00a0\u00a0\u00a0\u00a0\u00a0\u00a0\u00a0\u00a0\u00a0\u00a0\u00a0\u00a0\u00a0\u00a0\u00a0\u00a0\u00a0\u00a0\u00a0\u00a0\u00a0\u00a0\u00a0\u00a0\u00a0\u00a0\u00a0\u00a0\u00a0\u00a0\u00a0\u00a0\u00a0\u00a0\u00a0<strong> 10 Av. de Paris, 20000 Ajaccio<\/strong><\/p>\t\t\t\t\t\t\t\t<\/div>\n\t\t\t\t<\/div>\n\t\t\t\t<div class=\"elementor-element elementor-element-5032ecc elementor-widget elementor-widget-text-editor\" data-id=\"5032ecc\" data-element_type=\"widget\" data-e-type=\"widget\" data-widget_type=\"text-editor.default\">\n\t\t\t\t<div class=\"elementor-widget-container\">\n\t\t\t\t\t\t\t\t\t<h3>N\u00b0 de t\u00e9l\u00e9phone:\u00a0\u00a0\u00a0\u00a0\u00a0\u00a0 <strong><span class=\"wnd-font-size-110\">06 28 53 39 30 <\/span><\/strong><\/h3>\t\t\t\t\t\t\t\t<\/div>\n\t\t\t\t<\/div>\n\t\t\t\t<div class=\"elementor-element elementor-element-5cce0d0 elementor-widget elementor-widget-text-editor\" data-id=\"5cce0d0\" data-element_type=\"widget\" data-e-type=\"widget\" data-widget_type=\"text-editor.default\">\n\t\t\t\t<div class=\"elementor-widget-container\">\n\t\t\t\t\t\t\t\t\t<h3>Facebook:\u00a0\u00a0\u00a0\u00a0\u00a0\u00a0\u00a0\u00a0\u00a0\u00a0\u00a0\u00a0\u00a0\u00a0\u00a0\u00a0\u00a0\u00a0\u00a0\u00a0\u00a0\u00a0\u00a0\u00a0\u00a0\u00a0\u00a0\u00a0\u00a0\u00a0\u00a0\u00a0\u00a0\u00a0\u00a0\u00a0\u00a0\u00a0\u00a0\u00a0\u00a0\u00a0\u00a0\u00a0\u00a0\u00a0\u00a0\u00a0\u00a0\u00a0\u00a0\u00a0\u00a0\u00a0\u00a0\u00a0 https:\/\/www.facebook.com\/profile.php?id=100079788550818<\/h3>\t\t\t\t\t\t\t\t<\/div>\n\t\t\t\t<\/div>\n\t\t\t\t<\/div>\n\t\t\t\t\t<\/div>\n\t\t\t\t<\/div>\n\t\t<div class=\"elementor-element elementor-element-4bf0824 e-flex e-con-boxed e-con e-parent\" data-id=\"4bf0824\" data-element_type=\"container\" data-e-type=\"container\">\n\t\t\t\t\t<div class=\"e-con-inner\">\n\t\t\t\t<div class=\"elementor-element elementor-element-2067be7 elementor-widget__width-initial elementor-widget elementor-widget-formidable\" data-id=\"2067be7\" data-element_type=\"widget\" data-e-type=\"widget\" data-widget_type=\"formidable.default\">\n\t\t\t\t<div class=\"elementor-widget-container\">\n\t\t\t\t\t<div class=\"frm_forms  with_frm_style frm_style_style-formidable\" id=\"frm_form_1_container\" >\n<form enctype=\"multipart\/form-data\" method=\"post\" class=\"frm-show-form \" id=\"form_contact-form\" >\n<div class=\"frm_form_fields \">\n<fieldset>\n<legend class=\"frm_screen_reader\">Contact<\/legend>\r\n\r\n<div class=\"frm_fields_container\">\n<input type=\"hidden\" name=\"frm_action\" value=\"create\" \/>\n<input type=\"hidden\" name=\"form_id\" value=\"1\" \/>\n<input type=\"hidden\" name=\"frm_hide_fields_1\" id=\"frm_hide_fields_1\" value=\"\" \/>\n<input type=\"hidden\" name=\"form_key\" value=\"contact-form\" \/>\n<input type=\"hidden\" name=\"item_meta[0]\" value=\"\" \/>\n<input type=\"hidden\" id=\"frm_submit_entry_1\" name=\"frm_submit_entry_1\" value=\"0d9032793a\" \/><input type=\"hidden\" name=\"_wp_http_referer\" value=\"\/index.php\/wp-json\/wp\/v2\/pages\/16\" \/><div id=\"frm_field_1_container\" class=\"frm_form_field form-field  frm_required_field frm_top_container frm_half frm_first frm_half\">\r\n    <label for=\"field_qh4icy\" id=\"field_qh4icy_label\" class=\"frm_primary_label\">Nom\r\n        <span class=\"frm_required\" aria-hidden=\"true\">*<\/span>\r\n    <\/label>\r\n    <input type=\"text\" id=\"field_qh4icy\" name=\"item_meta[1]\" value=\"\"  data-reqmsg=\"Ce champ ne peut pas \u00eatre vide\" aria-required=\"true\" data-invmsg=\"Name est non valide\" aria-invalid=\"false\"   aria-describedby=\"frm_desc_field_qh4icy\"\/>\r\n    <div class=\"frm_description\" id=\"frm_desc_field_qh4icy\">First<\/div>\r\n    \r\n<\/div>\n<div id=\"frm_field_2_container\" class=\"frm_form_field form-field  frm_required_field frm_hidden_container frm_half frm_half\">\r\n    <label for=\"field_ocfup1\" id=\"field_ocfup1_label\" class=\"frm_primary_label\">Pr\u00e9nom\r\n        <span class=\"frm_required\" aria-hidden=\"true\">*<\/span>\r\n    <\/label>\r\n    <input type=\"text\" id=\"field_ocfup1\" name=\"item_meta[2]\" value=\"\"  data-reqmsg=\"Ce champ ne peut pas \u00eatre vide\" aria-required=\"true\" data-invmsg=\"Last est non valide\" aria-invalid=\"false\"   aria-describedby=\"frm_desc_field_ocfup1\"\/>\r\n    <div class=\"frm_description\" id=\"frm_desc_field_ocfup1\">Last<\/div>\r\n    \r\n<\/div>\n<div id=\"frm_field_8_container\" class=\"frm_form_field form-field  frm_top_container frm_half frm6 frm_first\">\r\n    <label for=\"field_7ki3q\" id=\"field_7ki3q_label\" class=\"frm_primary_label\">Objet\r\n        <span class=\"frm_required\" aria-hidden=\"true\"><\/span>\r\n    <\/label>\r\n    \t\t<select name=\"item_meta[8]\" id=\"field_7ki3q\"  data-frmval=\"Tarifs\" data-invmsg=\"Objet est non valide\" aria-invalid=\"false\"  >\n\t\t<option  value=\"Tarifs\" selected='selected'>Tarifs<\/option><option  value=\"Demande de renseignements\">Demande de renseignements<\/option>\t<\/select>\n\t\r\n    \r\n    \r\n<\/div>\n<div id=\"frm_field_3_container\" class=\"frm_form_field form-field  frm_required_field frm_top_container frm_half frm6\">\r\n    <label for=\"field_29yf4d\" id=\"field_29yf4d_label\" class=\"frm_primary_label\">Email\r\n        <span class=\"frm_required\" aria-hidden=\"true\">*<\/span>\r\n    <\/label>\r\n    <input type=\"email\" id=\"field_29yf4d\" name=\"item_meta[3]\" value=\"\"  data-reqmsg=\"Ce champ ne peut pas \u00eatre vide\" aria-required=\"true\" data-invmsg=\"Please enter a valid email address\" aria-invalid=\"false\"  \/>\r\n    \r\n    \r\n<\/div>\n<div id=\"frm_field_5_container\" class=\"frm_form_field form-field  frm_required_field frm_top_container frm_half frm12 frm12 frm12 frm_half frm_full\">\r\n    <label for=\"field_9jv0r1\" id=\"field_9jv0r1_label\" class=\"frm_primary_label\">Commentaire ou Message \r\n        <span class=\"frm_required\" aria-hidden=\"true\">*<\/span>\r\n    <\/label>\r\n    <textarea name=\"item_meta[5]\" id=\"field_9jv0r1\" rows=\"5\"  data-reqmsg=\"Ce champ ne peut pas \u00eatre vide\" aria-required=\"true\" data-invmsg=\"Commentaire ou Message  est non valide\" aria-invalid=\"false\"  ><\/textarea>\r\n    \r\n    \r\n<\/div>\n\t<input type=\"hidden\" name=\"item_key\" value=\"\" \/>\n\t\t\t<div id=\"frm_field_9_container\">\n\t\t\t<label for=\"field_growf\" >\n\t\t\t\tSi vous \u00eates un humain, ne remplissez pas ce champ.\t\t\t<\/label>\n\t\t\t<input  id=\"field_growf\" type=\"text\" class=\"frm_form_field form-field frm_verify\" name=\"item_meta[9]\" value=\"\"  \/>\n\t\t<\/div>\n\t\t<input name=\"frm_state\" type=\"hidden\" value=\"SLpZM7I9C5sCzBGNO9bNXLjnDSoTCDz9mCKIRDYs+BA=\" \/><div class=\"frm_submit\">\r\n\r\n<button class=\"frm_button_submit\" type=\"submit\"  >Envoyer<\/button>\r\n\r\n\r\n<\/div><\/div>\n<\/fieldset>\n<\/div>\n\n<\/form>\n<\/div>\n\t\t\t\t<\/div>\n\t\t\t\t<\/div>\n\t\t\t\t\t<\/div>\n\t\t\t\t<\/div>\n\t\t\t\t<\/div>\n\t\t","protected":false},"excerpt":{"rendered":"<p>Contacter-nous Adresse:\u00a0\u00a0\u00a0\u00a0\u00a0\u00a0\u00a0\u00a0\u00a0\u00a0\u00a0\u00a0\u00a0\u00a0\u00a0\u00a0\u00a0\u00a0\u00a0\u00a0\u00a0Institut Namast\u00e9 \u00a0\u00a0\u00a0\u00a0\u00a0\u00a0\u00a0\u00a0\u00a0\u00a0\u00a0\u00a0\u00a0\u00a0\u00a0\u00a0\u00a0\u00a0\u00a0\u00a0\u00a0\u00a0\u00a0\u00a0\u00a0\u00a0\u00a0\u00a0\u00a0\u00a0\u00a0\u00a0\u00a0\u00a0\u00a0\u00a0\u00a0\u00a0\u00a0\u00a0\u00a0\u00a0\u00a0\u00a0\u00a0\u00a0 10 Av. de Paris, 20000 Ajaccio N\u00b0 de t\u00e9l\u00e9phone:\u00a0\u00a0\u00a0\u00a0\u00a0\u00a0 06 28 53 39 30 Facebook:\u00a0\u00a0\u00a0\u00a0\u00a0\u00a0\u00a0\u00a0\u00a0\u00a0\u00a0\u00a0\u00a0\u00a0\u00a0\u00a0\u00a0\u00a0\u00a0\u00a0\u00a0\u00a0\u00a0\u00a0\u00a0\u00a0\u00a0\u00a0\u00a0\u00a0\u00a0\u00a0\u00a0\u00a0\u00a0\u00a0\u00a0\u00a0\u00a0\u00a0\u00a0\u00a0\u00a0\u00a0\u00a0\u00a0\u00a0\u00a0\u00a0\u00a0\u00a0\u00a0\u00a0\u00a0\u00a0\u00a0 https:\/\/www.facebook.com\/profile.php?id=100079788550818 Contact Nom * First Pr\u00e9nom * Last Objet TarifsDemande de renseignements Email * Commentaire ou Message * Si vous \u00eates un humain, ne remplissez pas ce champ. Envoyer<\/p>\n","protected":false},"author":1,"featured_media":0,"parent":0,"menu_order":0,"comment_status":"closed","ping_status":"closed","template":"","meta":{"footnotes":""},"class_list":["post-16","page","type-page","status-publish","hentry","entry"],"yoast_head":"<!-- This site is optimized with the Yoast SEO plugin v27.4 - https:\/\/yoast.com\/product\/yoast-seo-wordpress\/ -->\n<title>Massage reiki et magn\u00e9tisme sur Ajaccio<\/title>\n<meta name=\"description\" content=\"Salon de Massage abhyanga, ayurv\u00e9dique, soins \u00e9nerg\u00e9tiques, reiki et magn\u00e9tisme sur Ajaccio.T\u00e9l\u00e9phone 06 28 53 39 30\" \/>\n<meta name=\"robots\" content=\"index, follow, max-snippet:-1, max-image-preview:large, max-video-preview:-1\" \/>\n<link rel=\"canonical\" href=\"https:\/\/institutnamaste.fr\/index.php\/massages-abhyanga-soins-enegetiques-reiki-magnetisme-sur-ajaccio-3\/\" \/>\n<meta property=\"og:locale\" content=\"fr_FR\" \/>\n<meta property=\"og:type\" content=\"article\" \/>\n<meta property=\"og:title\" content=\"Massage reiki et magn\u00e9tisme sur Ajaccio\" \/>\n<meta property=\"og:description\" content=\"Salon de Massage abhyanga, ayurv\u00e9dique, soins \u00e9nerg\u00e9tiques, reiki et magn\u00e9tisme sur Ajaccio.T\u00e9l\u00e9phone 06 28 53 39 30\" \/>\n<meta property=\"og:url\" content=\"https:\/\/institutnamaste.fr\/index.php\/massages-abhyanga-soins-enegetiques-reiki-magnetisme-sur-ajaccio-3\/\" \/>\n<meta property=\"og:site_name\" content=\"institutnamaste\" \/>\n<meta property=\"article:modified_time\" content=\"2023-10-06T14:25:14+00:00\" \/>\n<meta property=\"og:image\" content=\"https:\/\/institutnamaste.fr\/wp-content\/uploads\/2023\/10\/Capture-decran-2023-10-04-135621.png\" \/>\n<meta name=\"twitter:card\" content=\"summary_large_image\" \/>\n<meta name=\"twitter:label1\" content=\"Dur\u00e9e de lecture estim\u00e9e\" \/>\n\t<meta name=\"twitter:data1\" content=\"1 minute\" \/>\n<script type=\"application\/ld+json\" class=\"yoast-schema-graph\">{\"@context\":\"https:\\\/\\\/schema.org\",\"@graph\":[{\"@type\":\"WebPage\",\"@id\":\"https:\\\/\\\/institutnamaste.fr\\\/index.php\\\/massages-abhyanga-soins-enegetiques-reiki-magnetisme-sur-ajaccio-3\\\/\",\"url\":\"https:\\\/\\\/institutnamaste.fr\\\/index.php\\\/massages-abhyanga-soins-enegetiques-reiki-magnetisme-sur-ajaccio-3\\\/\",\"name\":\"Massage reiki et magn\u00e9tisme sur Ajaccio\",\"isPartOf\":{\"@id\":\"https:\\\/\\\/institutnamaste.fr\\\/#website\"},\"primaryImageOfPage\":{\"@id\":\"https:\\\/\\\/institutnamaste.fr\\\/index.php\\\/massages-abhyanga-soins-enegetiques-reiki-magnetisme-sur-ajaccio-3\\\/#primaryimage\"},\"image\":{\"@id\":\"https:\\\/\\\/institutnamaste.fr\\\/index.php\\\/massages-abhyanga-soins-enegetiques-reiki-magnetisme-sur-ajaccio-3\\\/#primaryimage\"},\"thumbnailUrl\":\"https:\\\/\\\/institutnamaste.fr\\\/wp-content\\\/uploads\\\/2023\\\/10\\\/Capture-decran-2023-10-04-135621.png\",\"datePublished\":\"2023-10-02T07:36:21+00:00\",\"dateModified\":\"2023-10-06T14:25:14+00:00\",\"description\":\"Salon de Massage abhyanga, ayurv\u00e9dique, soins \u00e9nerg\u00e9tiques, reiki et magn\u00e9tisme sur Ajaccio.T\u00e9l\u00e9phone 06 28 53 39 30\",\"breadcrumb\":{\"@id\":\"https:\\\/\\\/institutnamaste.fr\\\/index.php\\\/massages-abhyanga-soins-enegetiques-reiki-magnetisme-sur-ajaccio-3\\\/#breadcrumb\"},\"inLanguage\":\"fr-FR\",\"potentialAction\":[{\"@type\":\"ReadAction\",\"target\":[\"https:\\\/\\\/institutnamaste.fr\\\/index.php\\\/massages-abhyanga-soins-enegetiques-reiki-magnetisme-sur-ajaccio-3\\\/\"]}]},{\"@type\":\"ImageObject\",\"inLanguage\":\"fr-FR\",\"@id\":\"https:\\\/\\\/institutnamaste.fr\\\/index.php\\\/massages-abhyanga-soins-enegetiques-reiki-magnetisme-sur-ajaccio-3\\\/#primaryimage\",\"url\":\"https:\\\/\\\/institutnamaste.fr\\\/wp-content\\\/uploads\\\/2023\\\/10\\\/Capture-decran-2023-10-04-135621.png\",\"contentUrl\":\"https:\\\/\\\/institutnamaste.fr\\\/wp-content\\\/uploads\\\/2023\\\/10\\\/Capture-decran-2023-10-04-135621.png\",\"width\":1918,\"height\":447},{\"@type\":\"BreadcrumbList\",\"@id\":\"https:\\\/\\\/institutnamaste.fr\\\/index.php\\\/massages-abhyanga-soins-enegetiques-reiki-magnetisme-sur-ajaccio-3\\\/#breadcrumb\",\"itemListElement\":[{\"@type\":\"ListItem\",\"position\":1,\"name\":\"Accueil\",\"item\":\"https:\\\/\\\/institutnamaste.fr\\\/\"},{\"@type\":\"ListItem\",\"position\":2,\"name\":\"CONTACT\"}]},{\"@type\":\"WebSite\",\"@id\":\"https:\\\/\\\/institutnamaste.fr\\\/#website\",\"url\":\"https:\\\/\\\/institutnamaste.fr\\\/\",\"name\":\"institutnamaste\",\"description\":\"\",\"potentialAction\":[{\"@type\":\"SearchAction\",\"target\":{\"@type\":\"EntryPoint\",\"urlTemplate\":\"https:\\\/\\\/institutnamaste.fr\\\/?s={search_term_string}\"},\"query-input\":{\"@type\":\"PropertyValueSpecification\",\"valueRequired\":true,\"valueName\":\"search_term_string\"}}],\"inLanguage\":\"fr-FR\"}]}<\/script>\n<!-- \/ Yoast SEO plugin. -->","yoast_head_json":{"title":"Massage reiki et magn\u00e9tisme sur Ajaccio","description":"Salon de Massage abhyanga, ayurv\u00e9dique, soins \u00e9nerg\u00e9tiques, reiki et magn\u00e9tisme sur Ajaccio.T\u00e9l\u00e9phone 06 28 53 39 30","robots":{"index":"index","follow":"follow","max-snippet":"max-snippet:-1","max-image-preview":"max-image-preview:large","max-video-preview":"max-video-preview:-1"},"canonical":"https:\/\/institutnamaste.fr\/index.php\/massages-abhyanga-soins-enegetiques-reiki-magnetisme-sur-ajaccio-3\/","og_locale":"fr_FR","og_type":"article","og_title":"Massage reiki et magn\u00e9tisme sur Ajaccio","og_description":"Salon de Massage abhyanga, ayurv\u00e9dique, soins \u00e9nerg\u00e9tiques, reiki et magn\u00e9tisme sur Ajaccio.T\u00e9l\u00e9phone 06 28 53 39 30","og_url":"https:\/\/institutnamaste.fr\/index.php\/massages-abhyanga-soins-enegetiques-reiki-magnetisme-sur-ajaccio-3\/","og_site_name":"institutnamaste","article_modified_time":"2023-10-06T14:25:14+00:00","og_image":[{"url":"https:\/\/institutnamaste.fr\/wp-content\/uploads\/2023\/10\/Capture-decran-2023-10-04-135621.png","type":"","width":"","height":""}],"twitter_card":"summary_large_image","twitter_misc":{"Dur\u00e9e de lecture estim\u00e9e":"1 minute"},"schema":{"@context":"https:\/\/schema.org","@graph":[{"@type":"WebPage","@id":"https:\/\/institutnamaste.fr\/index.php\/massages-abhyanga-soins-enegetiques-reiki-magnetisme-sur-ajaccio-3\/","url":"https:\/\/institutnamaste.fr\/index.php\/massages-abhyanga-soins-enegetiques-reiki-magnetisme-sur-ajaccio-3\/","name":"Massage reiki et magn\u00e9tisme sur Ajaccio","isPartOf":{"@id":"https:\/\/institutnamaste.fr\/#website"},"primaryImageOfPage":{"@id":"https:\/\/institutnamaste.fr\/index.php\/massages-abhyanga-soins-enegetiques-reiki-magnetisme-sur-ajaccio-3\/#primaryimage"},"image":{"@id":"https:\/\/institutnamaste.fr\/index.php\/massages-abhyanga-soins-enegetiques-reiki-magnetisme-sur-ajaccio-3\/#primaryimage"},"thumbnailUrl":"https:\/\/institutnamaste.fr\/wp-content\/uploads\/2023\/10\/Capture-decran-2023-10-04-135621.png","datePublished":"2023-10-02T07:36:21+00:00","dateModified":"2023-10-06T14:25:14+00:00","description":"Salon de Massage abhyanga, ayurv\u00e9dique, soins \u00e9nerg\u00e9tiques, reiki et magn\u00e9tisme sur Ajaccio.T\u00e9l\u00e9phone 06 28 53 39 30","breadcrumb":{"@id":"https:\/\/institutnamaste.fr\/index.php\/massages-abhyanga-soins-enegetiques-reiki-magnetisme-sur-ajaccio-3\/#breadcrumb"},"inLanguage":"fr-FR","potentialAction":[{"@type":"ReadAction","target":["https:\/\/institutnamaste.fr\/index.php\/massages-abhyanga-soins-enegetiques-reiki-magnetisme-sur-ajaccio-3\/"]}]},{"@type":"ImageObject","inLanguage":"fr-FR","@id":"https:\/\/institutnamaste.fr\/index.php\/massages-abhyanga-soins-enegetiques-reiki-magnetisme-sur-ajaccio-3\/#primaryimage","url":"https:\/\/institutnamaste.fr\/wp-content\/uploads\/2023\/10\/Capture-decran-2023-10-04-135621.png","contentUrl":"https:\/\/institutnamaste.fr\/wp-content\/uploads\/2023\/10\/Capture-decran-2023-10-04-135621.png","width":1918,"height":447},{"@type":"BreadcrumbList","@id":"https:\/\/institutnamaste.fr\/index.php\/massages-abhyanga-soins-enegetiques-reiki-magnetisme-sur-ajaccio-3\/#breadcrumb","itemListElement":[{"@type":"ListItem","position":1,"name":"Accueil","item":"https:\/\/institutnamaste.fr\/"},{"@type":"ListItem","position":2,"name":"CONTACT"}]},{"@type":"WebSite","@id":"https:\/\/institutnamaste.fr\/#website","url":"https:\/\/institutnamaste.fr\/","name":"institutnamaste","description":"","potentialAction":[{"@type":"SearchAction","target":{"@type":"EntryPoint","urlTemplate":"https:\/\/institutnamaste.fr\/?s={search_term_string}"},"query-input":{"@type":"PropertyValueSpecification","valueRequired":true,"valueName":"search_term_string"}}],"inLanguage":"fr-FR"}]}},"_links":{"self":[{"href":"https:\/\/institutnamaste.fr\/index.php\/wp-json\/wp\/v2\/pages\/16","targetHints":{"allow":["GET"]}}],"collection":[{"href":"https:\/\/institutnamaste.fr\/index.php\/wp-json\/wp\/v2\/pages"}],"about":[{"href":"https:\/\/institutnamaste.fr\/index.php\/wp-json\/wp\/v2\/types\/page"}],"author":[{"embeddable":true,"href":"https:\/\/institutnamaste.fr\/index.php\/wp-json\/wp\/v2\/users\/1"}],"replies":[{"embeddable":true,"href":"https:\/\/institutnamaste.fr\/index.php\/wp-json\/wp\/v2\/comments?post=16"}],"version-history":[{"count":31,"href":"https:\/\/institutnamaste.fr\/index.php\/wp-json\/wp\/v2\/pages\/16\/revisions"}],"predecessor-version":[{"id":490,"href":"https:\/\/institutnamaste.fr\/index.php\/wp-json\/wp\/v2\/pages\/16\/revisions\/490"}],"wp:attachment":[{"href":"https:\/\/institutnamaste.fr\/index.php\/wp-json\/wp\/v2\/media?parent=16"}],"curies":[{"name":"wp","href":"https:\/\/api.w.org\/{rel}","templated":true}]}}