{"id":3,"date":"2023-09-30T09:35:54","date_gmt":"2023-09-30T07:35:54","guid":{"rendered":"https:\/\/institutnamaste.fr\/?page_id=3"},"modified":"2023-10-06T16:26:09","modified_gmt":"2023-10-06T14:26:09","slug":"massages-abhyanga-soins-enegetiques-reiki-magnetisme-sur-ajaccio-6","status":"publish","type":"page","link":"https:\/\/institutnamaste.fr\/index.php\/massages-abhyanga-soins-enegetiques-reiki-magnetisme-sur-ajaccio-6\/","title":{"rendered":"Politique de confidentialit\u00e9"},"content":{"rendered":"\t\t<div data-elementor-type=\"wp-page\" data-elementor-id=\"3\" class=\"elementor elementor-3\">\n\t\t\t\t<div class=\"elementor-element elementor-element-53d9a981 e-flex e-con-boxed e-con e-parent\" data-id=\"53d9a981\" data-element_type=\"container\" data-e-type=\"container\">\n\t\t\t\t\t<div class=\"e-con-inner\">\n\t\t\t\t<div class=\"elementor-element elementor-element-248db37 elementor-widget elementor-widget-heading\" data-id=\"248db37\" data-element_type=\"widget\" data-e-type=\"widget\" data-widget_type=\"heading.default\">\n\t\t\t\t<div class=\"elementor-widget-container\">\n\t\t\t\t\t<h2 class=\"elementor-heading-title elementor-size-xl\"> Politique de confidentialit\u00e9 du site Institut Namast\u00e9<\/h2>\t\t\t\t<\/div>\n\t\t\t\t<\/div>\n\t\t\t\t\t<\/div>\n\t\t\t\t<\/div>\n\t\t<div class=\"elementor-element elementor-element-53e37af e-flex e-con-boxed e-con e-parent\" data-id=\"53e37af\" data-element_type=\"container\" data-e-type=\"container\">\n\t\t\t\t\t<div class=\"e-con-inner\">\n\t\t\t\t<div class=\"elementor-element elementor-element-f5eea4a elementor-widget elementor-widget-text-editor\" data-id=\"f5eea4a\" data-element_type=\"widget\" data-e-type=\"widget\" data-widget_type=\"text-editor.default\">\n\t\t\t\t<div class=\"elementor-widget-container\">\n\t\t\t\t\t\t\t\t\t<p id=\"wnd_TextBlock_610643298_inner_1\" class=\"\" data-wnd_is_separable=\"1\" data-wnd_separable_index=\"1\" data-wnd_separable_id=\"wnd_TextBlock_610643298\"><strong>I \/ L&rsquo;objectif de la politique de confidentialit\u00e9<\/strong><\/p>\n<p id=\"wnd_TextBlock_610643298_inner_2\" class=\"\" data-wnd_is_separable=\"1\" data-wnd_separable_index=\"2\" data-wnd_separable_id=\"wnd_TextBlock_610643298\">Cette politique de confidentialit\u00e9 est \u00e9tablie dans le but d&rsquo;informer les utilisateurs du site <strong>Institut Namast\u00e9<\/strong>, poss\u00e9d\u00e9 et g\u00e9r\u00e9 par <strong>Institut Namast\u00e9<\/strong>, des modalit\u00e9s suivantes :<\/p>\n<ul id=\"wnd_TextBlock_610643298_inner_3\" data-wnd_is_separable=\"1\" data-wnd_separable_index=\"3\" data-wnd_separable_id=\"wnd_TextBlock_610643298\">\n<li>Les donn\u00e9es personnelles recueillies par le site internet<\/li>\n<li>L&rsquo;utilisation faite de ces donn\u00e9es<\/li>\n<li>L&rsquo;acc\u00e8s \u00e0 ces donn\u00e9es<\/li>\n<li>Les droits que poss\u00e8dent les utilisateurs du site<\/li>\n<li>La politique li\u00e9e \u00e0 l&rsquo;utilisation de cookies<\/li>\n<\/ul>\n<p id=\"wnd_TextBlock_610643298_inner_4\" class=\"\" data-wnd_is_separable=\"1\" data-wnd_separable_index=\"4\" data-wnd_separable_id=\"wnd_TextBlock_610643298\">Cette politique de confidentialit\u00e9 fonctionne parall\u00e8lement aux conditions g\u00e9n\u00e9rales du site <strong>Institut Namast\u00e9<\/strong>.<\/p>\n<p id=\"wnd_TextBlock_610643298_inner_5\" class=\"\" data-wnd_is_separable=\"1\" data-wnd_separable_index=\"5\" data-wnd_separable_id=\"wnd_TextBlock_610643298\"><strong>II \/ Lois applicables<\/strong><\/p>\n<p id=\"wnd_TextBlock_610643298_inner_6\" class=\"\" data-wnd_is_separable=\"1\" data-wnd_separable_index=\"6\" data-wnd_separable_id=\"wnd_TextBlock_610643298\">Conform\u00e9ment au R\u00e8glement G\u00e9n\u00e9ral sur la Protection des Donn\u00e9es, cette politique de confidentialit\u00e9 est sujette aux r\u00e8glements suivants :<\/p>\n<p id=\"wnd_TextBlock_610643298_inner_7\" class=\"\" data-wnd_is_separable=\"1\" data-wnd_separable_index=\"7\" data-wnd_separable_id=\"wnd_TextBlock_610643298\">Les donn\u00e9es personnelles sont :<\/p>\n<ul id=\"wnd_TextBlock_610643298_inner_8\" data-wnd_is_separable=\"1\" data-wnd_separable_index=\"8\" data-wnd_separable_id=\"wnd_TextBlock_610643298\">\n<li>Trait\u00e9es de mani\u00e8re licite et transparente ;<\/li>\n<li>Collect\u00e9es \u00e0 des fins d\u00e9termin\u00e9es, explicites et l\u00e9gitimes, et ne seront pas trait\u00e9es ult\u00e9rieurement d&rsquo;une mani\u00e8re incompatible avec ces fins. Conform\u00e9ment \u00e0 l&rsquo;article 89, paragraphe 1 du RGPD, le stockage et le traitement de ces donn\u00e9es \u00e0 des fins archivistiques dans l&rsquo;int\u00e9r\u00eat public, \u00e0 des fins de recherche scientifique ou historique ou \u00e0 des fins statistiques, n&rsquo;est pas consid\u00e9r\u00e9 comme incompatible avec les finalit\u00e9s initiales ;<\/li>\n<li>ad\u00e9quates, pertinentes et limit\u00e9es \u00e0 ce qui est n\u00e9cessaire dans le cadre des finalit\u00e9s pour lesquelles elles sont trait\u00e9es ;<\/li>\n<li>exactes, et si n\u00e9cessaires tenues \u00e0 jour. Toutes les mesures raisonnables seront prises pour corriger des donn\u00e9es incorrectes au regard de la finalit\u00e9 pour laquelle celles-ci sont collect\u00e9es ;<\/li>\n<li>conserv\u00e9es sous une forme permettant l&rsquo;identification des personnes concern\u00e9es pour une dur\u00e9e suffisante pour leur traitement ;<\/li>\n<li>trait\u00e9es d&rsquo;une fa\u00e7on qui garantit la s\u00e9curit\u00e9 de celles-ci, y compris en ce qui concerne le traitement non-autoris\u00e9 ou illicite, la perte ou la destruction de ces donn\u00e9es, accidentelle ou volontaire.<\/li>\n<\/ul>\n<p id=\"wnd_TextBlock_610643298_inner_9\" class=\"\" data-wnd_is_separable=\"1\" data-wnd_separable_index=\"9\" data-wnd_separable_id=\"wnd_TextBlock_610643298\">Le traitement des donn\u00e9es collect\u00e9es n&rsquo;est licite que si au moins l&rsquo;une des conditions suivantes est remplie :<\/p>\n<ul id=\"wnd_TextBlock_610643298_inner_10\" data-wnd_is_separable=\"1\" data-wnd_separable_index=\"10\" data-wnd_separable_id=\"wnd_TextBlock_610643298\">\n<li>La personne concern\u00e9e par les donn\u00e9es a consenti au traitement de celles-ci pour une ou plusieurs finalit\u00e9s sp\u00e9cifiques.<\/li>\n<li>Le traitement des donn\u00e9es est n\u00e9cessaire \u00e0 l&rsquo;ex\u00e9cution d&rsquo;un contrat dont la personne concern\u00e9e est partie ou \u00e0 l&rsquo;ex\u00e9cution des mesures pr\u00e9contractuelles prises \u00e0 la demande de celui-ci<\/li>\n<li>Le traitement est n\u00e9cessaire \u00e0 la r\u00e9alisation d&rsquo;une obligation l\u00e9gale \u00e0 laquelle le responsable, Institut Namast\u00e9, est soumis.<\/li>\n<li>Le traitement est n\u00e9cessaire \u00e0 la sauvegarde des int\u00e9r\u00eats vitaux de toute personne physique.<\/li>\n<li>Le traitement est n\u00e9cessaire \u00e0 la r\u00e9alisation d&rsquo;une mission d&rsquo;int\u00e9r\u00eat public dont est investi Institut Namast\u00e9.<\/li>\n<li>Les traitement est n\u00e9cessaire aux fins des int\u00e9r\u00eats l\u00e9gitimes poursuivis par le responsable du traitement ou par un tiers, \u00e0 moins que ne pr\u00e9valent les int\u00e9r\u00eats, libert\u00e9s ou droits fondamentaux de la personne concern\u00e9e.<\/li>\n<\/ul>\n<p id=\"wnd_TextBlock_610643298_inner_11\" class=\"\" data-wnd_is_separable=\"1\" data-wnd_separable_index=\"11\" data-wnd_separable_id=\"wnd_TextBlock_610643298\"><strong>III \/ Consentement<\/strong><\/p>\n<p id=\"wnd_TextBlock_610643298_inner_12\" class=\"\" data-wnd_is_separable=\"1\" data-wnd_separable_index=\"12\" data-wnd_separable_id=\"wnd_TextBlock_610643298\">En utilisant le site Institut Namast\u00e9, les utilisateurs consentent \u00e0 :<\/p>\n<ul id=\"wnd_TextBlock_610643298_inner_13\" data-wnd_is_separable=\"1\" data-wnd_separable_index=\"13\" data-wnd_separable_id=\"wnd_TextBlock_610643298\">\n<li>Toutes les conditions incluses dans la pr\u00e9sente politique de confidentialit\u00e9 ;<\/li>\n<li>La collecte, l&rsquo;utilisation et la conservation des donn\u00e9es list\u00e9es dans la pr\u00e9sente politique de confidentialit\u00e9.<\/li>\n<\/ul>\n<p id=\"wnd_TextBlock_610643298_inner_14\" class=\"\" data-wnd_is_separable=\"1\" data-wnd_separable_index=\"14\" data-wnd_separable_id=\"wnd_TextBlock_610643298\"><strong>IV \/ Donn\u00e9es personnelles collect\u00e9es<\/strong><\/p>\n<p id=\"wnd_TextBlock_610643298_inner_15\" class=\"\" data-wnd_is_separable=\"1\" data-wnd_separable_index=\"15\" data-wnd_separable_id=\"wnd_TextBlock_610643298\">Lors de la navigation du site Institut Namast\u00e9, diff\u00e9rentes donn\u00e9es personnelles au sujet des utilisateurs sont collect\u00e9es.<\/p>\n<p id=\"wnd_TextBlock_610643298_inner_16\" class=\"\" data-wnd_is_separable=\"1\" data-wnd_separable_index=\"16\" data-wnd_separable_id=\"wnd_TextBlock_610643298\"><strong>Les donn\u00e9es suivantes sont collect\u00e9es de mani\u00e8re automatique :<\/strong><\/p>\n<p id=\"wnd_TextBlock_610643298_inner_17\" class=\"\" data-wnd_is_separable=\"1\" data-wnd_separable_index=\"17\" data-wnd_separable_id=\"wnd_TextBlock_610643298\">Lorsque l&rsquo;utilisateur utilise un formulaire de contact ou de demande de devis pour envoyer une demande.<\/p>\n<p id=\"wnd_TextBlock_610643298_inner_18\" class=\"\" data-wnd_is_separable=\"1\" data-wnd_separable_index=\"18\" data-wnd_separable_id=\"wnd_TextBlock_610643298\">Aucune donn\u00e9e suppl\u00e9mentaire n&rsquo;est collect\u00e9e sans vous en informer au pr\u00e9alable.<\/p>\n<p id=\"wnd_TextBlock_610643298_inner_19\" class=\"\" data-wnd_is_separable=\"1\" data-wnd_separable_index=\"19\" data-wnd_separable_id=\"wnd_TextBlock_610643298\"><strong>V \/ Traitement de ces donn\u00e9es<\/strong><\/p>\n<p id=\"wnd_TextBlock_610643298_inner_20\" class=\"\" data-wnd_is_separable=\"1\" data-wnd_separable_index=\"20\" data-wnd_separable_id=\"wnd_TextBlock_610643298\">Les donn\u00e9es personnelles recueillies sur le site Institut Namast\u00e9 ne sont collect\u00e9es et trait\u00e9es que dans le cadre des fins pr\u00e9cis\u00e9es dans la pr\u00e9sente politique de confidentialit\u00e9 et \/ ou dans les pages pertinentes du site. Les donn\u00e9es personnelles que nous collectons ne seront pas utilis\u00e9es \u00e0 d&rsquo;autres fins.<\/p>\n<p id=\"wnd_TextBlock_610643298_inner_21\" class=\"\" data-wnd_is_separable=\"1\" data-wnd_separable_index=\"21\" data-wnd_separable_id=\"wnd_TextBlock_610643298\"><strong>VI \/ Partage des donn\u00e9es personnelles recueillies<\/strong><\/p>\n<ul id=\"wnd_TextBlock_610643298_inner_22\" data-wnd_is_separable=\"1\" data-wnd_separable_index=\"22\" data-wnd_separable_id=\"wnd_TextBlock_610643298\">\n<li><strong>Employ\u00e9s<\/strong> : Nous pouvons ouvertement divulguer les informations aux employ\u00e9s de l&rsquo;entreprise Institut Namast\u00e9 dans la mesure o\u00f9 ceux-ci en ont besoin pour poursuivre la fin pr\u00e9vue dans cette politique<\/li>\n<\/ul>\n<p id=\"wnd_TextBlock_610643298_inner_23\" class=\"\" data-wnd_is_separable=\"1\" data-wnd_separable_index=\"23\" data-wnd_separable_id=\"wnd_TextBlock_610643298\">Par ailleurs, les donn\u00e9es personnelles collect\u00e9es pourront \u00eatre partag\u00e9es :<\/p>\n<ul id=\"wnd_TextBlock_610643298_inner_24\" data-wnd_is_separable=\"1\" data-wnd_separable_index=\"24\" data-wnd_separable_id=\"wnd_TextBlock_610643298\">\n<li>Si l&rsquo;entreprise Institut Namast\u00e9 y est contrainte par la loi<\/li>\n<li>Si les informations sont requises pour toute proc\u00e9dure judiciaire<\/li>\n<li>Afin de prot\u00e9ger les droits l\u00e9gaux de l&rsquo;entreprise Institut Namast\u00e9<\/li>\n<\/ul>\n<p id=\"wnd_TextBlock_610643298_inner_25\" class=\"\" data-wnd_is_separable=\"1\" data-wnd_separable_index=\"25\" data-wnd_separable_id=\"wnd_TextBlock_610643298\">En dehors des situations pr\u00e9vues dans cette pr\u00e9sente politique, les informations personnelles ne seront en aucun cas divulgu\u00e9es ou partag\u00e9es \u00e0 des tiers.<\/p>\n<p id=\"wnd_TextBlock_610643298_inner_26\" class=\"\" data-wnd_is_separable=\"1\" data-wnd_separable_index=\"26\" data-wnd_separable_id=\"wnd_TextBlock_610643298\"><strong>VII \/ Stockage et protection des donn\u00e9es personnelles<\/strong><\/p>\n<p id=\"wnd_TextBlock_610643298_inner_27\" class=\"\" data-wnd_is_separable=\"1\" data-wnd_separable_index=\"27\" data-wnd_separable_id=\"wnd_TextBlock_610643298\">L&rsquo;entreprise Institut Namast\u00e9 ne conserve pas les donn\u00e9es personnelles plus longtemps que ce qui est n\u00e9cessaire \u00e0 la r\u00e9alisation des fins pour lesquelles elles sont collect\u00e9es.<\/p>\n<p id=\"wnd_TextBlock_610643298_inner_28\" class=\"\" data-wnd_is_separable=\"1\" data-wnd_separable_index=\"28\" data-wnd_separable_id=\"wnd_TextBlock_610643298\"><strong>VIII \/ Droits de l&rsquo;utilisateur<\/strong><\/p>\n<p id=\"wnd_TextBlock_610643298_inner_29\" class=\"\" data-wnd_is_separable=\"1\" data-wnd_separable_index=\"29\" data-wnd_separable_id=\"wnd_TextBlock_610643298\">Conform\u00e9ment au chapitre 3, art 12-23 du RGPD, les utilisateurs du site Institut Namast\u00e9 ont, en ce qui concerne leurs donn\u00e9es personnelles, les droits suivants :<\/p>\n<ul id=\"wnd_TextBlock_610643298_inner_30\" data-wnd_is_separable=\"1\" data-wnd_separable_index=\"30\" data-wnd_separable_id=\"wnd_TextBlock_610643298\">\n<li>Droit d&rsquo;acc\u00e8s<\/li>\n<li>Droit de rectification<\/li>\n<li>Droit \u00e0 l&rsquo;effacement<\/li>\n<li>Droit de restreindre le traitement<\/li>\n<li>Droit \u00e0 la portabilit\u00e9 des donn\u00e9es<\/li>\n<li>Droit d&rsquo;objection<\/li>\n<\/ul>\n<p id=\"wnd_TextBlock_610643298_inner_31\" class=\"\" data-wnd_is_separable=\"1\" data-wnd_separable_index=\"31\" data-wnd_separable_id=\"wnd_TextBlock_610643298\">Pour faire valoir l&rsquo;un de ses droits, acc\u00e9der \u00e0 vos donn\u00e9es, les modifier ou les supprimer d&rsquo;une quelconque mani\u00e8re, vous pouvez communiquer avec notre entreprise Institut Namast\u00e9 par t\u00e9l\u00e9phone au 07 80 43 92 02<\/p>\n<p id=\"wnd_TextBlock_610643298_inner_32\" class=\"\" data-wnd_is_separable=\"1\" data-wnd_separable_index=\"32\" data-wnd_separable_id=\"wnd_TextBlock_610643298\"><strong>IX \/ Politique au sujet des cookies<\/strong><\/p>\n<p id=\"wnd_TextBlock_610643298_inner_33\" class=\"\" data-wnd_is_separable=\"1\" data-wnd_separable_index=\"33\" data-wnd_separable_id=\"wnd_TextBlock_610643298\">Un cookie est un fichier stock\u00e9 sur le disque dur d&rsquo;un utilisateur lorsqu&rsquo;il navigue sur un site web. Ce cookie permet de mieux conna\u00eetre les donn\u00e9es relatives aux habitudes de navigation de l&rsquo;utilisateur afin de lui proposer une meilleure exp\u00e9rience d&rsquo;utilisation.<\/p>\n<p id=\"wnd_TextBlock_610643298_inner_34\" class=\"\" data-wnd_is_separable=\"1\" data-wnd_separable_index=\"34\" data-wnd_separable_id=\"wnd_TextBlock_610643298\">Le site Institut Namast\u00e9 utilise les cookies.<\/p>\n<p id=\"wnd_TextBlock_610643298_inner_35\" class=\"\" data-wnd_is_separable=\"1\" data-wnd_separable_index=\"35\" data-wnd_separable_id=\"wnd_TextBlock_610643298\">Conform\u00e9ment au RGPD, vous pouvez choisir d&rsquo;\u00eatre pr\u00e9venu \u00e0 chaque fois qu&rsquo;un cookie est cr\u00e9\u00e9, ou bien d\u00e9sactiver enti\u00e8rement la transmission de cookies par le site.<\/p>\n<p id=\"wnd_TextBlock_610643298_inner_36\" class=\"\" data-wnd_is_separable=\"1\" data-wnd_separable_index=\"36\" data-wnd_separable_id=\"wnd_TextBlock_610643298\"><strong>X<\/strong><strong>\/ Dispositions suppl\u00e9mentaires<\/strong><\/p>\n<p id=\"wnd_TextBlock_610643298_inner_37\" class=\"\" data-wnd_is_separable=\"1\" data-wnd_separable_index=\"37\" data-wnd_separable_id=\"wnd_TextBlock_610643298\">Le fondement juridique sur lequel s&rsquo;appuie chaque traitement de donn\u00e9es effectu\u00e9 sur le site est le consentement de l&rsquo;utilisateur.<\/p>\n<p id=\"wnd_TextBlock_610643298_inner_38\" class=\"\" data-wnd_is_separable=\"1\" data-wnd_separable_index=\"38\" data-wnd_separable_id=\"wnd_TextBlock_610643298\"><strong>XI \/ Modification de la politique de confidentialit\u00e9<\/strong><\/p>\n<p id=\"wnd_TextBlock_610643298_inner_39\" class=\"\" data-wnd_is_separable=\"1\" data-wnd_separable_index=\"39\" data-wnd_separable_id=\"wnd_TextBlock_610643298\">Afin de rester en accord avec la loi ou de refl\u00e9ter tout changement dans notre processus de gestion des donn\u00e9es personnelles, la pr\u00e9sente politique de confidentialit\u00e9 peut \u00eatre amen\u00e9e \u00e0 changer et \u00e0 \u00eatre modifi\u00e9e r\u00e9guli\u00e8rement. Il est recommand\u00e9 aux utilisateurs de v\u00e9rifier r\u00e9guli\u00e8rement cette politique afin de se tenir inform\u00e9s de notre politique en termes de collecte et de traitement de donn\u00e9es personnelles.<\/p>\n<p id=\"wnd_TextBlock_610643298_inner_40\" class=\"\" data-wnd_is_separable=\"1\" data-wnd_separable_index=\"40\" data-wnd_separable_id=\"wnd_TextBlock_610643298\"><strong>XII \/ Contact<\/strong><\/p>\n<p id=\"wnd_TextBlock_610643298_inner_41\" class=\"\" data-wnd_is_separable=\"1\" data-wnd_separable_index=\"41\" data-wnd_separable_id=\"wnd_TextBlock_610643298\">Institut Namast\u00e9 10 Avenue de Paris 20000 Ajaccio<\/p>\t\t\t\t\t\t\t\t<\/div>\n\t\t\t\t<\/div>\n\t\t\t\t\t<\/div>\n\t\t\t\t<\/div>\n\t\t\t\t<\/div>\n\t\t","protected":false},"excerpt":{"rendered":"<p>Politique de confidentialit\u00e9 du site Institut Namast\u00e9 I \/ L&rsquo;objectif de la politique de confidentialit\u00e9 Cette politique de confidentialit\u00e9 est \u00e9tablie dans le but d&rsquo;informer les utilisateurs du site Institut Namast\u00e9, poss\u00e9d\u00e9 et g\u00e9r\u00e9 par Institut Namast\u00e9, des modalit\u00e9s suivantes : Les donn\u00e9es personnelles recueillies par le site internet L&rsquo;utilisation faite de ces donn\u00e9es L&rsquo;acc\u00e8s [&hellip;]<\/p>\n","protected":false},"author":1,"featured_media":0,"parent":0,"menu_order":0,"comment_status":"closed","ping_status":"open","template":"","meta":{"footnotes":""},"class_list":["post-3","page","type-page","status-publish","hentry","entry"],"yoast_head":"<!-- This site is optimized with the Yoast SEO plugin v27.4 - https:\/\/yoast.com\/product\/yoast-seo-wordpress\/ -->\n<title>Massage reiki et magn\u00e9tisme sur Ajaccio<\/title>\n<meta name=\"description\" content=\"Salon de Massage abhyanga, ayurv\u00e9dique, soins \u00e9nerg\u00e9tiques, reiki et magn\u00e9tisme sur Ajaccio.T\u00e9l\u00e9phone 06 28 53 39 30\" \/>\n<meta name=\"robots\" content=\"index, follow, max-snippet:-1, max-image-preview:large, max-video-preview:-1\" \/>\n<link rel=\"canonical\" href=\"https:\/\/institutnamaste.fr\/index.php\/massages-abhyanga-soins-enegetiques-reiki-magnetisme-sur-ajaccio-6\/\" \/>\n<meta property=\"og:locale\" content=\"fr_FR\" \/>\n<meta property=\"og:type\" content=\"article\" \/>\n<meta property=\"og:title\" content=\"Massage reiki et magn\u00e9tisme sur Ajaccio\" \/>\n<meta property=\"og:description\" content=\"Salon de Massage abhyanga, ayurv\u00e9dique, soins \u00e9nerg\u00e9tiques, reiki et magn\u00e9tisme sur Ajaccio.T\u00e9l\u00e9phone 06 28 53 39 30\" \/>\n<meta property=\"og:url\" content=\"https:\/\/institutnamaste.fr\/index.php\/massages-abhyanga-soins-enegetiques-reiki-magnetisme-sur-ajaccio-6\/\" \/>\n<meta property=\"og:site_name\" content=\"institutnamaste\" \/>\n<meta property=\"article:modified_time\" content=\"2023-10-06T14:26:09+00:00\" \/>\n<meta name=\"twitter:card\" content=\"summary_large_image\" \/>\n<meta name=\"twitter:label1\" content=\"Dur\u00e9e de lecture estim\u00e9e\" \/>\n\t<meta name=\"twitter:data1\" content=\"5 minutes\" \/>\n<script type=\"application\/ld+json\" class=\"yoast-schema-graph\">{\"@context\":\"https:\\\/\\\/schema.org\",\"@graph\":[{\"@type\":\"WebPage\",\"@id\":\"https:\\\/\\\/institutnamaste.fr\\\/index.php\\\/massages-abhyanga-soins-enegetiques-reiki-magnetisme-sur-ajaccio-6\\\/\",\"url\":\"https:\\\/\\\/institutnamaste.fr\\\/index.php\\\/massages-abhyanga-soins-enegetiques-reiki-magnetisme-sur-ajaccio-6\\\/\",\"name\":\"Massage reiki et magn\u00e9tisme sur Ajaccio\",\"isPartOf\":{\"@id\":\"https:\\\/\\\/institutnamaste.fr\\\/#website\"},\"datePublished\":\"2023-09-30T07:35:54+00:00\",\"dateModified\":\"2023-10-06T14:26:09+00:00\",\"description\":\"Salon de Massage abhyanga, ayurv\u00e9dique, soins \u00e9nerg\u00e9tiques, reiki et magn\u00e9tisme sur Ajaccio.T\u00e9l\u00e9phone 06 28 53 39 30\",\"breadcrumb\":{\"@id\":\"https:\\\/\\\/institutnamaste.fr\\\/index.php\\\/massages-abhyanga-soins-enegetiques-reiki-magnetisme-sur-ajaccio-6\\\/#breadcrumb\"},\"inLanguage\":\"fr-FR\",\"potentialAction\":[{\"@type\":\"ReadAction\",\"target\":[\"https:\\\/\\\/institutnamaste.fr\\\/index.php\\\/massages-abhyanga-soins-enegetiques-reiki-magnetisme-sur-ajaccio-6\\\/\"]}]},{\"@type\":\"BreadcrumbList\",\"@id\":\"https:\\\/\\\/institutnamaste.fr\\\/index.php\\\/massages-abhyanga-soins-enegetiques-reiki-magnetisme-sur-ajaccio-6\\\/#breadcrumb\",\"itemListElement\":[{\"@type\":\"ListItem\",\"position\":1,\"name\":\"Accueil\",\"item\":\"https:\\\/\\\/institutnamaste.fr\\\/\"},{\"@type\":\"ListItem\",\"position\":2,\"name\":\"Politique de confidentialit\u00e9\"}]},{\"@type\":\"WebSite\",\"@id\":\"https:\\\/\\\/institutnamaste.fr\\\/#website\",\"url\":\"https:\\\/\\\/institutnamaste.fr\\\/\",\"name\":\"institutnamaste\",\"description\":\"\",\"potentialAction\":[{\"@type\":\"SearchAction\",\"target\":{\"@type\":\"EntryPoint\",\"urlTemplate\":\"https:\\\/\\\/institutnamaste.fr\\\/?s={search_term_string}\"},\"query-input\":{\"@type\":\"PropertyValueSpecification\",\"valueRequired\":true,\"valueName\":\"search_term_string\"}}],\"inLanguage\":\"fr-FR\"}]}<\/script>\n<!-- \/ Yoast SEO plugin. -->","yoast_head_json":{"title":"Massage reiki et magn\u00e9tisme sur Ajaccio","description":"Salon de Massage abhyanga, ayurv\u00e9dique, soins \u00e9nerg\u00e9tiques, reiki et magn\u00e9tisme sur Ajaccio.T\u00e9l\u00e9phone 06 28 53 39 30","robots":{"index":"index","follow":"follow","max-snippet":"max-snippet:-1","max-image-preview":"max-image-preview:large","max-video-preview":"max-video-preview:-1"},"canonical":"https:\/\/institutnamaste.fr\/index.php\/massages-abhyanga-soins-enegetiques-reiki-magnetisme-sur-ajaccio-6\/","og_locale":"fr_FR","og_type":"article","og_title":"Massage reiki et magn\u00e9tisme sur Ajaccio","og_description":"Salon de Massage abhyanga, ayurv\u00e9dique, soins \u00e9nerg\u00e9tiques, reiki et magn\u00e9tisme sur Ajaccio.T\u00e9l\u00e9phone 06 28 53 39 30","og_url":"https:\/\/institutnamaste.fr\/index.php\/massages-abhyanga-soins-enegetiques-reiki-magnetisme-sur-ajaccio-6\/","og_site_name":"institutnamaste","article_modified_time":"2023-10-06T14:26:09+00:00","twitter_card":"summary_large_image","twitter_misc":{"Dur\u00e9e de lecture estim\u00e9e":"5 minutes"},"schema":{"@context":"https:\/\/schema.org","@graph":[{"@type":"WebPage","@id":"https:\/\/institutnamaste.fr\/index.php\/massages-abhyanga-soins-enegetiques-reiki-magnetisme-sur-ajaccio-6\/","url":"https:\/\/institutnamaste.fr\/index.php\/massages-abhyanga-soins-enegetiques-reiki-magnetisme-sur-ajaccio-6\/","name":"Massage reiki et magn\u00e9tisme sur Ajaccio","isPartOf":{"@id":"https:\/\/institutnamaste.fr\/#website"},"datePublished":"2023-09-30T07:35:54+00:00","dateModified":"2023-10-06T14:26:09+00:00","description":"Salon de Massage abhyanga, ayurv\u00e9dique, soins \u00e9nerg\u00e9tiques, reiki et magn\u00e9tisme sur Ajaccio.T\u00e9l\u00e9phone 06 28 53 39 30","breadcrumb":{"@id":"https:\/\/institutnamaste.fr\/index.php\/massages-abhyanga-soins-enegetiques-reiki-magnetisme-sur-ajaccio-6\/#breadcrumb"},"inLanguage":"fr-FR","potentialAction":[{"@type":"ReadAction","target":["https:\/\/institutnamaste.fr\/index.php\/massages-abhyanga-soins-enegetiques-reiki-magnetisme-sur-ajaccio-6\/"]}]},{"@type":"BreadcrumbList","@id":"https:\/\/institutnamaste.fr\/index.php\/massages-abhyanga-soins-enegetiques-reiki-magnetisme-sur-ajaccio-6\/#breadcrumb","itemListElement":[{"@type":"ListItem","position":1,"name":"Accueil","item":"https:\/\/institutnamaste.fr\/"},{"@type":"ListItem","position":2,"name":"Politique de confidentialit\u00e9"}]},{"@type":"WebSite","@id":"https:\/\/institutnamaste.fr\/#website","url":"https:\/\/institutnamaste.fr\/","name":"institutnamaste","description":"","potentialAction":[{"@type":"SearchAction","target":{"@type":"EntryPoint","urlTemplate":"https:\/\/institutnamaste.fr\/?s={search_term_string}"},"query-input":{"@type":"PropertyValueSpecification","valueRequired":true,"valueName":"search_term_string"}}],"inLanguage":"fr-FR"}]}},"_links":{"self":[{"href":"https:\/\/institutnamaste.fr\/index.php\/wp-json\/wp\/v2\/pages\/3","targetHints":{"allow":["GET"]}}],"collection":[{"href":"https:\/\/institutnamaste.fr\/index.php\/wp-json\/wp\/v2\/pages"}],"about":[{"href":"https:\/\/institutnamaste.fr\/index.php\/wp-json\/wp\/v2\/types\/page"}],"author":[{"embeddable":true,"href":"https:\/\/institutnamaste.fr\/index.php\/wp-json\/wp\/v2\/users\/1"}],"replies":[{"embeddable":true,"href":"https:\/\/institutnamaste.fr\/index.php\/wp-json\/wp\/v2\/comments?post=3"}],"version-history":[{"count":10,"href":"https:\/\/institutnamaste.fr\/index.php\/wp-json\/wp\/v2\/pages\/3\/revisions"}],"predecessor-version":[{"id":487,"href":"https:\/\/institutnamaste.fr\/index.php\/wp-json\/wp\/v2\/pages\/3\/revisions\/487"}],"wp:attachment":[{"href":"https:\/\/institutnamaste.fr\/index.php\/wp-json\/wp\/v2\/media?parent=3"}],"curies":[{"name":"wp","href":"https:\/\/api.w.org\/{rel}","templated":true}]}}